{"id":66853,"date":"2026-03-23T15:53:19","date_gmt":"2026-03-23T13:53:19","guid":{"rendered":"https:\/\/bilbaogazte.bilbao.eus\/es\/greensormenaconvocatoriaproyectos-copy\/"},"modified":"2026-04-09T15:18:58","modified_gmt":"2026-04-09T13:18:58","slug":"greenglamconvocatoriaproyectos","status":"publish","type":"page","link":"https:\/\/bilbaogazte.bilbao.eus\/es\/greenglamconvocatoriaproyectos\/","title":{"rendered":"Convocatoria de proyectos"},"content":{"rendered":"<p>[vc_row][vc_column][vc_single_image image=\u00bb60568&#8243; img_size=\u00bbfull\u00bb][\/vc_column][\/vc_row][vc_row][vc_column][vc_row_inner][vc_column_inner width=\u00bb2\/3&#8243;][vc_column_text]El \u00c1rea de Juventud y Deporte del Ayuntamiento de Bilbao lanza la convocatoria KONEKTA IDEIAK centrada en la moda sostenible con los siguientes objetivos:<\/p>\n<ul>\n<li>apoyar el desarrollo de iniciativas y fomentar el esp\u00edritu emprendedor en el contexto de la moda sostenible.<\/li>\n<li>respaldar el desarrollo de procesos creativos que empujen a la acci\u00f3n a personas j\u00f3venes con inter\u00e9s en el \u00e1mbito moda sostenible<\/li>\n<\/ul>\n<p>&nbsp;<\/p>\n<p><strong>\u00bfQui\u00e9nes pueden presentar los proyectos? <\/strong><\/p>\n<ul>\n<li>J\u00f3venes, bien de manera individual o en grupo. En el caso de grupos, al menos una de las personas deber\u00e1 ser residente en Bilbao y deber\u00e1n nombrar a una de ellas que actuar\u00e1 como representante del grupo ante el \u00c1rea de Juventud y Deporte.<\/li>\n<li>Edad: entre 18 y 35 a\u00f1os.<\/li>\n<li>Residentes en Bilbao o que tengan alguna vinculaci\u00f3n con la ciudad.<\/li>\n<\/ul>\n<p>&nbsp;<\/p>\n<p><strong>\u00bfCu\u00e1ndo y c\u00f3mo puedes presentar tu\/vuestro proyecto?<\/strong><\/p>\n<ul>\n<li>Puedes presentar el proyecto<strong> del 28 de abril al 28 de mayo. <\/strong><\/li>\n<li>Los proyectos deber\u00e1n ser originales, siendo responsabilidad \u00fanica de las personas autoras garantizarlo.<\/li>\n<\/ul>\n<p>Env\u00eda cumplimentada la Ficha adjunta a\u00a0<a href=\"mailto:gazteria@bilbao.eus\">gazteria@bilbao.eus<\/a>[\/vc_column_text][\/vc_column_inner][vc_column_inner width=\u00bb1\/3&#8243;][vc_empty_space height=\u00bb40px\u00bb][vc_column_text]<span style=\"color: #ff4433;\"><b>INSCRIPCI\u00d3N<\/b><\/span>[\/vc_column_text][vc_column_text]<\/p>\n<div class=\"page\" title=\"Page 1\">\n<div class=\"section\">\n<div class=\"layoutArea\">\n<div class=\"column\">\n<p><a href=\"http:\/\/bilbaogazte.bilbao.eus\/wp-content\/uploads\/2026\/04\/Oinarriak_BasesGreenGlam2026EUSCAST-.pdf\" target=\"_blank\" rel=\"noopener\"><strong>Bases de la convocatoria<\/strong><\/a><\/p>\n<p><a href=\"http:\/\/bilbaogazte.bilbao.eus\/wp-content\/uploads\/2026\/04\/Proiektuak_IzenEmateOrria_GreenGlam2026.pdf\" target=\"_blank\" rel=\"noopener\"><strong>Presentaci\u00f3n de proyecto<\/strong><\/a><\/p>\n<\/div>\n<\/div>\n<\/div>\n<\/div>\n<p>[\/vc_column_text][vc_column_text]<span style=\"color: #ff4433;\"><b>CONTACTO<\/b><\/span>[\/vc_column_text][vc_column_text]<a href=\"mailto:gazteria@bilbao.eus\">gazteria@bilbao.eus<\/a><\/p>\n<p>94 465 47 75[\/vc_column_text][\/vc_column_inner][\/vc_row_inner][\/vc_column][\/vc_row][vc_row][vc_column width=\u00bb1\/3&#8243;][vc_btn title=\u00bbBASES DE LA CONVOCATORIA\u00bb style=\u00bbcustom\u00bb custom_background=\u00bb#ed0000&#8243; custom_text=\u00bb#ffffff\u00bb link=\u00bburl:http%3A%2F%2Fbilbaogazte.bilbao.eus%2Fwp-content%2Fuploads%2F2026%2F04%2FOinarriak_BasesGreenGlam2026EUSCAST-.pdf||target:%20_blank|\u00bb][\/vc_column][vc_column width=\u00bb1\/3&#8243;][vc_btn title=\u00bbFICHA PROYECTOS\u00bb style=\u00bbcustom\u00bb custom_background=\u00bb#ed0000&#8243; custom_text=\u00bb#ffffff\u00bb link=\u00bburl:http%3A%2F%2Fbilbaogazte.bilbao.eus%2Fwp-content%2Fuploads%2F2026%2F04%2FProiektuak_IzenEmateOrria_GreenGlam2026.pdf||target:%20_blank|\u00bb][\/vc_column][vc_column width=\u00bb1\/3&#8243;][\/vc_column][\/vc_row]<\/p>\n","protected":false},"excerpt":{"rendered":"<p class=\"entry-summary\">El \u00c1rea de Juventud y Deporte del Ayuntamiento de Bilbao lanza la convocatoria KONEKTA IDEIAK&hellip;<\/p>\n<div class=\"link-more\"><a href=\"https:\/\/bilbaogazte.bilbao.eus\/es\/greenglamconvocatoriaproyectos\/\" class=\"more-link\">Continue reading<span class=\"screen-reader-text\"> &ldquo;Convocatoria de proyectos&rdquo;<\/span>&hellip;<\/a><\/div>","protected":false},"author":84,"featured_media":0,"parent":0,"menu_order":0,"comment_status":"closed","ping_status":"closed","template":"","meta":{"_monsterinsights_skip_tracking":false,"_monsterinsights_sitenote_active":false,"_monsterinsights_sitenote_note":"","_monsterinsights_sitenote_category":0,"footnotes":""},"_links":{"self":[{"href":"https:\/\/bilbaogazte.bilbao.eus\/es\/wp-json\/wp\/v2\/pages\/66853"}],"collection":[{"href":"https:\/\/bilbaogazte.bilbao.eus\/es\/wp-json\/wp\/v2\/pages"}],"about":[{"href":"https:\/\/bilbaogazte.bilbao.eus\/es\/wp-json\/wp\/v2\/types\/page"}],"author":[{"embeddable":true,"href":"https:\/\/bilbaogazte.bilbao.eus\/es\/wp-json\/wp\/v2\/users\/84"}],"replies":[{"embeddable":true,"href":"https:\/\/bilbaogazte.bilbao.eus\/es\/wp-json\/wp\/v2\/comments?post=66853"}],"version-history":[{"count":6,"href":"https:\/\/bilbaogazte.bilbao.eus\/es\/wp-json\/wp\/v2\/pages\/66853\/revisions"}],"predecessor-version":[{"id":67094,"href":"https:\/\/bilbaogazte.bilbao.eus\/es\/wp-json\/wp\/v2\/pages\/66853\/revisions\/67094"}],"wp:attachment":[{"href":"https:\/\/bilbaogazte.bilbao.eus\/es\/wp-json\/wp\/v2\/media?parent=66853"}],"curies":[{"name":"wp","href":"https:\/\/api.w.org\/{rel}","templated":true}]}}