{"id":66955,"date":"2026-03-31T10:50:53","date_gmt":"2026-03-31T08:50:53","guid":{"rendered":"https:\/\/bilbaogazte.bilbao.eus\/es\/konekta-oficinainformacion-copy\/"},"modified":"2026-03-31T14:00:51","modified_gmt":"2026-03-31T12:00:51","slug":"konekta-sala-podcast","status":"publish","type":"page","link":"https:\/\/bilbaogazte.bilbao.eus\/es\/konekta-sala-podcast\/","title":{"rendered":"Sala Podcast"},"content":{"rendered":"<p>[vc_row][vc_column][vc_single_image image=\u00bb55541&#8243; img_size=\u00bbfull\u00bb][vc_column_text]La Perrera pone a disposici\u00f3n de las personas j\u00f3venes (18-35 a\u00f1os) y entidades de Bilbao una sala de PODCAST, equipada con material t\u00e9cnico de calidad para que las personas j\u00f3venes puedan crear contenidos para dar a conocer sus iniciativas y proyectos.<\/p>\n<p>La reserva puede realizarse cumplimentado el siguiente formulario: <a href=\"https:\/\/forms.gle\/iMKc9YKsj7eKW5PD8\">https:\/\/forms.gle\/iMKc9YKsj7eKW5PD8<\/a><\/p>\n<p>o presencialmente en La Perrera (Sabino Arana, 50 \u2013 Basurtu).<\/p>\n<p>Adem\u00e1s, dentro de los <strong>talleres habilitadores<\/strong> se ofrecer\u00e1 formaci\u00f3n gratuita para que las personas j\u00f3venes puedan grabar y producir contenidos digitales con calidad, obteniendo las herramientas y conocimientos necesarios para ello.<\/p>\n<p>Para m\u00e1s informaci\u00f3n contactar con <a href=\"mailto:laperrera@bilbao.eus\">laperrera@bilbao.eus<\/a><\/p>\n<p>&nbsp;<\/p>\n<p><img loading=\"lazy\" decoding=\"async\" class=\"alignnone wp-image-66943\" src=\"http:\/\/bilbaogazte.bilbao.eus\/wp-content\/uploads\/2026\/03\/IMG20260113210450-872x654.jpg\" alt=\"\" width=\"545\" height=\"409\" srcset=\"https:\/\/bilbaogazte.bilbao.eus\/wp-content\/uploads\/2026\/03\/IMG20260113210450-872x654.jpg 872w, https:\/\/bilbaogazte.bilbao.eus\/wp-content\/uploads\/2026\/03\/IMG20260113210450-1408x1056.jpg 1408w, https:\/\/bilbaogazte.bilbao.eus\/wp-content\/uploads\/2026\/03\/IMG20260113210450-768x576.jpg 768w, https:\/\/bilbaogazte.bilbao.eus\/wp-content\/uploads\/2026\/03\/IMG20260113210450-1536x1152.jpg 1536w, https:\/\/bilbaogazte.bilbao.eus\/wp-content\/uploads\/2026\/03\/IMG20260113210450-2048x1536.jpg 2048w\" sizes=\"(max-width: 545px) 100vw, 545px\" \/>[\/vc_column_text][\/vc_column][\/vc_row][vc_row disable_element=\u00bbyes\u00bb][vc_column][vc_column_text]<\/p>\n<p class=\"v1MsoNormal\"><span style=\"font-weight: 400;\">&#x1f550;<\/span>Horario de verano (hasta el 15 de septiembre inclusive):<\/p>\n<p class=\"v1MsoNormal\">\u2013 Lunes a viernes 8:30-13:30<\/p>\n<p>[\/vc_column_text][\/vc_column][\/vc_row]<\/p>\n","protected":false},"excerpt":{"rendered":"<p class=\"entry-summary\">La Perrera pone a disposici\u00f3n de las personas j\u00f3venes (18-35 a\u00f1os) y entidades de Bilbao una&hellip;<\/p>\n<div class=\"link-more\"><a href=\"https:\/\/bilbaogazte.bilbao.eus\/es\/konekta-sala-podcast\/\" class=\"more-link\">Continue reading<span class=\"screen-reader-text\"> &ldquo;Sala Podcast&rdquo;<\/span>&hellip;<\/a><\/div>","protected":false},"author":79,"featured_media":0,"parent":0,"menu_order":0,"comment_status":"closed","ping_status":"closed","template":"","meta":{"_monsterinsights_skip_tracking":false,"_monsterinsights_sitenote_active":false,"_monsterinsights_sitenote_note":"","_monsterinsights_sitenote_category":0,"footnotes":""},"_links":{"self":[{"href":"https:\/\/bilbaogazte.bilbao.eus\/es\/wp-json\/wp\/v2\/pages\/66955"}],"collection":[{"href":"https:\/\/bilbaogazte.bilbao.eus\/es\/wp-json\/wp\/v2\/pages"}],"about":[{"href":"https:\/\/bilbaogazte.bilbao.eus\/es\/wp-json\/wp\/v2\/types\/page"}],"author":[{"embeddable":true,"href":"https:\/\/bilbaogazte.bilbao.eus\/es\/wp-json\/wp\/v2\/users\/79"}],"replies":[{"embeddable":true,"href":"https:\/\/bilbaogazte.bilbao.eus\/es\/wp-json\/wp\/v2\/comments?post=66955"}],"version-history":[{"count":3,"href":"https:\/\/bilbaogazte.bilbao.eus\/es\/wp-json\/wp\/v2\/pages\/66955\/revisions"}],"predecessor-version":[{"id":66982,"href":"https:\/\/bilbaogazte.bilbao.eus\/es\/wp-json\/wp\/v2\/pages\/66955\/revisions\/66982"}],"wp:attachment":[{"href":"https:\/\/bilbaogazte.bilbao.eus\/es\/wp-json\/wp\/v2\/media?parent=66955"}],"curies":[{"name":"wp","href":"https:\/\/api.w.org\/{rel}","templated":true}]}}