{"id":67274,"date":"2026-04-27T15:23:48","date_gmt":"2026-04-27T13:23:48","guid":{"rendered":"https:\/\/bilbaogazte.bilbao.eus\/es\/gaztegunak-copy\/"},"modified":"2026-04-27T15:26:10","modified_gmt":"2026-04-27T13:26:10","slug":"bonificadas","status":"publish","type":"page","link":"https:\/\/bilbaogazte.bilbao.eus\/es\/bonificadas\/","title":{"rendered":"BONIFICADAS"},"content":{"rendered":"<p>[vc_row][vc_column][vc_single_image image=\u00bb67270&#8243; img_size=\u00bblarge\u00bb][vc_column_text]<\/p>\n<h2>TARIFAS BONIFICADAS<\/h2>\n<p>Con el fin de <strong>fomentar las acciones de y para colectivos j\u00f3venes<\/strong>, y reforzar el apoyo a su <strong>profesionalizaci\u00f3n y creaci\u00f3n de oportunidades<\/strong>, se compensan (m\u00ednimo una vez al mes) las tarifas generales mediante <strong>bonificaciones y precios especiales dirigidos a sectores y p\u00fablicos objetivos espec\u00edficos<\/strong> seleccionados entre los siguientes perfiles:<\/p>\n<ul>\n<li>Promotores\/as de 16 a 30 a\u00f1os. Podr\u00e1n ser <strong>personas f\u00edsicas, colectivos juveniles, asociaciones y promotores\/as con domicilio fiscal Bilbao y\/o promotores con actividades dirigidas a este p\u00fablico joven.<\/strong><\/li>\n<\/ul>\n<p><strong>FECHAS A DEMANDA HASTA UN M\u00c1XIMO DE 10 ANUALES<\/strong> DURANTE 2026<\/p>\n<ul>\n<li>Para m\u00e1s informaci\u00f3n ponte en contacto con Bilborock en <a href=\"mailto:bilborock@bilbao.eus\">bilborock@bilbao.eus<\/a><\/li>\n<\/ul>\n<p>[\/vc_column_text][\/vc_column][\/vc_row][vc_row disable_element=\u00bbyes\u00bb][vc_column][vc_btn title=\u00bbFORMULARIO\u00bb color=\u00bbdanger\u00bb link=\u00bburl:https%3A%2F%2Fbilbaogazte.bilbao.eus%2Fwp-content%2Fuploads%2F2024%2F04%2Fformulario_GAZTE_EGUNAK_2024.pdf|||\u00bb][\/vc_column][\/vc_row]<\/p>\n","protected":false},"excerpt":{"rendered":"<p class=\"entry-summary\"> TARIFAS BONIFICADAS Con el fin de fomentar las acciones de y para colectivos j\u00f3venes, y&hellip;<\/p>\n<div class=\"link-more\"><a href=\"https:\/\/bilbaogazte.bilbao.eus\/es\/bonificadas\/\" class=\"more-link\">Continue reading<span class=\"screen-reader-text\"> &ldquo;BONIFICADAS&rdquo;<\/span>&hellip;<\/a><\/div>","protected":false},"author":79,"featured_media":0,"parent":0,"menu_order":0,"comment_status":"closed","ping_status":"closed","template":"","meta":{"_monsterinsights_skip_tracking":false,"_monsterinsights_sitenote_active":false,"_monsterinsights_sitenote_note":"","_monsterinsights_sitenote_category":0,"footnotes":""},"_links":{"self":[{"href":"https:\/\/bilbaogazte.bilbao.eus\/es\/wp-json\/wp\/v2\/pages\/67274"}],"collection":[{"href":"https:\/\/bilbaogazte.bilbao.eus\/es\/wp-json\/wp\/v2\/pages"}],"about":[{"href":"https:\/\/bilbaogazte.bilbao.eus\/es\/wp-json\/wp\/v2\/types\/page"}],"author":[{"embeddable":true,"href":"https:\/\/bilbaogazte.bilbao.eus\/es\/wp-json\/wp\/v2\/users\/79"}],"replies":[{"embeddable":true,"href":"https:\/\/bilbaogazte.bilbao.eus\/es\/wp-json\/wp\/v2\/comments?post=67274"}],"version-history":[{"count":1,"href":"https:\/\/bilbaogazte.bilbao.eus\/es\/wp-json\/wp\/v2\/pages\/67274\/revisions"}],"predecessor-version":[{"id":67276,"href":"https:\/\/bilbaogazte.bilbao.eus\/es\/wp-json\/wp\/v2\/pages\/67274\/revisions\/67276"}],"wp:attachment":[{"href":"https:\/\/bilbaogazte.bilbao.eus\/es\/wp-json\/wp\/v2\/media?parent=67274"}],"curies":[{"name":"wp","href":"https:\/\/api.w.org\/{rel}","templated":true}]}}