{"id":67289,"date":"2026-04-27T15:47:13","date_gmt":"2026-04-27T13:47:13","guid":{"rendered":"https:\/\/bilbaogazte.bilbao.eus\/es\/?page_id=67289"},"modified":"2026-04-27T15:47:13","modified_gmt":"2026-04-27T13:47:13","slug":"diskontuak","status":"publish","type":"page","link":"https:\/\/bilbaogazte.bilbao.eus\/es\/diskontuak\/","title":{"rendered":"DISKONTUAK"},"content":{"rendered":"<p>[vc_row][vc_column][vc_single_image image=\u00bb67282&#8243; img_size=\u00bblarge\u00bb][vc_column_text]<\/p>\n<h2>DISKONTUAK<\/h2>\n<p>Con el prop\u00f3sito de <strong>impulsar el talento joven local, y visibilizar a Bilborock<\/strong> como sala dirigida a la juventud, existe un<strong> programa de descuentos<\/strong> destinado <strong>exclusivamente a bandas musicales<\/strong> que deseen utilizar sus instalaciones y equipos.<\/p>\n<p>Para acceder, es necesario cumplir dos requisitos b\u00e1sicos: <strong>tener entre 18 y 30 a\u00f1os y estar empadronados en Bilbao. El programa tambi\u00e9n premia otros valores, como proyectos liderados por mujeres o propuestas en euskera. Cuantos m\u00e1s criterios se re\u00fanan, mayor ser\u00e1 el descuento, que puede llegar hasta un m\u00e1ximo del 75%.<\/strong><\/p>\n<p><strong>DESCUENTOS A DEMANDA HASTA UN M\u00c1XIMO DE 10 ANUALES<\/strong> DURANTE 2026<\/p>\n<h2>REQUISITOS<\/h2>\n<p><strong>Requisitos de obligatorio cumplimiento de las bandas para obtener un 50% de dto:<\/strong><\/p>\n<ul>\n<li>Al menos el 50% de los componentes tendr\u00e1 que estar empadronado en Bilbao.<\/li>\n<li>El 75% de los componentes tiene que ser menor de 30 a\u00f1os.<\/li>\n<\/ul>\n<p>Adem\u00e1s se podr\u00e1n obtener otros <strong>descuentos acumulables en base a otros criterios<\/strong>:<\/p>\n<ul>\n<li>75% de los componentes <strong>mujeres<\/strong>: <strong>5%<\/strong><\/li>\n<li>Banda o solista que canta en <strong>Euskera<\/strong>: <strong>5%<\/strong><\/li>\n<li><strong>Presentaci\u00f3n de disco<\/strong> (m\u00e1ximo 2 meses despu\u00e9s de su lanzamiento): <strong>5%<\/strong><\/li>\n<li><strong>Ensayar en Bilborock<\/strong>: <strong>10%<\/strong><\/li>\n<\/ul>\n<p><strong>Las bandas j\u00f3venes<\/strong> que m\u00e1s criterios cumplan, <strong>podr\u00e1n beneficiarse de hasta un 75% de descuento para el uso<\/strong> de la sala polivalente con una <strong>tarifa C1<\/strong>.<\/p>\n<ul>\n<li>Para m\u00e1s informaci\u00f3n ponte en contacto con Bilborock en <a href=\"mailto:bilborock@bilbao.eus\">bilborock@bilbao.eus<\/a><\/li>\n<\/ul>\n<p>[\/vc_column_text][\/vc_column][\/vc_row][vc_row disable_element=\u00bbyes\u00bb][vc_column][vc_btn title=\u00bbFORMULARIO\u00bb color=\u00bbdanger\u00bb link=\u00bburl:https%3A%2F%2Fbilbaogazte.bilbao.eus%2Fwp-content%2Fuploads%2F2024%2F04%2Fformulario_GAZTE_EGUNAK_2024.pdf|||\u00bb][\/vc_column][\/vc_row]<\/p>\n","protected":false},"excerpt":{"rendered":"<p class=\"entry-summary\"> DISKONTUAK Con el prop\u00f3sito de impulsar el talento joven local, y visibilizar a Bilborock como&hellip;<\/p>\n<div class=\"link-more\"><a href=\"https:\/\/bilbaogazte.bilbao.eus\/es\/diskontuak\/\" class=\"more-link\">Continue reading<span class=\"screen-reader-text\"> &ldquo;DISKONTUAK&rdquo;<\/span>&hellip;<\/a><\/div>","protected":false},"author":84,"featured_media":0,"parent":0,"menu_order":0,"comment_status":"closed","ping_status":"closed","template":"","meta":{"_monsterinsights_skip_tracking":false,"_monsterinsights_sitenote_active":false,"_monsterinsights_sitenote_note":"","_monsterinsights_sitenote_category":0,"footnotes":""},"_links":{"self":[{"href":"https:\/\/bilbaogazte.bilbao.eus\/es\/wp-json\/wp\/v2\/pages\/67289"}],"collection":[{"href":"https:\/\/bilbaogazte.bilbao.eus\/es\/wp-json\/wp\/v2\/pages"}],"about":[{"href":"https:\/\/bilbaogazte.bilbao.eus\/es\/wp-json\/wp\/v2\/types\/page"}],"author":[{"embeddable":true,"href":"https:\/\/bilbaogazte.bilbao.eus\/es\/wp-json\/wp\/v2\/users\/84"}],"replies":[{"embeddable":true,"href":"https:\/\/bilbaogazte.bilbao.eus\/es\/wp-json\/wp\/v2\/comments?post=67289"}],"version-history":[{"count":1,"href":"https:\/\/bilbaogazte.bilbao.eus\/es\/wp-json\/wp\/v2\/pages\/67289\/revisions"}],"predecessor-version":[{"id":67290,"href":"https:\/\/bilbaogazte.bilbao.eus\/es\/wp-json\/wp\/v2\/pages\/67289\/revisions\/67290"}],"wp:attachment":[{"href":"https:\/\/bilbaogazte.bilbao.eus\/es\/wp-json\/wp\/v2\/media?parent=67289"}],"curies":[{"name":"wp","href":"https:\/\/api.w.org\/{rel}","templated":true}]}}