{"id":67295,"date":"2026-04-27T15:48:54","date_gmt":"2026-04-27T13:48:54","guid":{"rendered":"https:\/\/bilbaogazte.bilbao.eus\/es\/diskontuak-copy\/"},"modified":"2026-04-27T15:51:15","modified_gmt":"2026-04-27T13:51:15","slug":"entseguak","status":"publish","type":"page","link":"https:\/\/bilbaogazte.bilbao.eus\/es\/entseguak\/","title":{"rendered":"ENTSEGUAK"},"content":{"rendered":"<p>[vc_row][vc_column][vc_single_image image=\u00bb67292&#8243; img_size=\u00bblarge\u00bb][vc_column_text]<\/p>\n<h2>ENTSEGUAK<\/h2>\n<p>Programa de <strong>colaboraci\u00f3n con sellos discogr\u00e1ficos locales<\/strong> de referencia. Bilborock cede sus instalaciones para que sus bandas consolidadas utilicen la Sala Polivalente como <strong>espacio de ensayos generales y preparaci\u00f3n previa a giras o conciertos de gran formato o envergadura<\/strong>. Adem\u00e1s <strong>ofrecer\u00e1 a bandas j\u00f3venes usuarias de los locales de ensayo de Bilborock, tendr\u00e1n la oportunidad de presenciar estos ensayos y compartir experiencias con las bandas profesionales<\/strong>.<\/p>\n<p><strong>A DEMANDA HASTA UN M\u00c1XIMO DE 5 ANUALES<\/strong> DURANTE 2026 para sellos colaboradores. Refuerza la relaci\u00f3n con la industria local y posiciona a Bilborock como un espacio de referencia profesional.<\/p>\n<ul>\n<li>Para m\u00e1s informaci\u00f3n ponte en contacto con Bilborock en <a href=\"mailto:bilborock@bilbao.eus\">bilborock@bilbao.eus<\/a><\/li>\n<\/ul>\n<p>[\/vc_column_text][\/vc_column][\/vc_row][vc_row disable_element=\u00bbyes\u00bb][vc_column][vc_btn title=\u00bbFORMULARIO\u00bb color=\u00bbdanger\u00bb link=\u00bburl:https%3A%2F%2Fbilbaogazte.bilbao.eus%2Fwp-content%2Fuploads%2F2024%2F04%2Fformulario_GAZTE_EGUNAK_2024.pdf|||\u00bb][\/vc_column][\/vc_row]<\/p>\n","protected":false},"excerpt":{"rendered":"<p class=\"entry-summary\"> ENTSEGUAK Programa de colaboraci\u00f3n con sellos discogr\u00e1ficos locales de referencia. Bilborock cede sus instalaciones para&hellip;<\/p>\n<div class=\"link-more\"><a href=\"https:\/\/bilbaogazte.bilbao.eus\/es\/entseguak\/\" class=\"more-link\">Continue reading<span class=\"screen-reader-text\"> &ldquo;ENTSEGUAK&rdquo;<\/span>&hellip;<\/a><\/div>","protected":false},"author":84,"featured_media":0,"parent":0,"menu_order":0,"comment_status":"closed","ping_status":"closed","template":"","meta":{"_monsterinsights_skip_tracking":false,"_monsterinsights_sitenote_active":false,"_monsterinsights_sitenote_note":"","_monsterinsights_sitenote_category":0,"footnotes":""},"_links":{"self":[{"href":"https:\/\/bilbaogazte.bilbao.eus\/es\/wp-json\/wp\/v2\/pages\/67295"}],"collection":[{"href":"https:\/\/bilbaogazte.bilbao.eus\/es\/wp-json\/wp\/v2\/pages"}],"about":[{"href":"https:\/\/bilbaogazte.bilbao.eus\/es\/wp-json\/wp\/v2\/types\/page"}],"author":[{"embeddable":true,"href":"https:\/\/bilbaogazte.bilbao.eus\/es\/wp-json\/wp\/v2\/users\/84"}],"replies":[{"embeddable":true,"href":"https:\/\/bilbaogazte.bilbao.eus\/es\/wp-json\/wp\/v2\/comments?post=67295"}],"version-history":[{"count":2,"href":"https:\/\/bilbaogazte.bilbao.eus\/es\/wp-json\/wp\/v2\/pages\/67295\/revisions"}],"predecessor-version":[{"id":67297,"href":"https:\/\/bilbaogazte.bilbao.eus\/es\/wp-json\/wp\/v2\/pages\/67295\/revisions\/67297"}],"wp:attachment":[{"href":"https:\/\/bilbaogazte.bilbao.eus\/es\/wp-json\/wp\/v2\/media?parent=67295"}],"curies":[{"name":"wp","href":"https:\/\/api.w.org\/{rel}","templated":true}]}}