{"id":67564,"date":"2026-05-11T14:11:56","date_gmt":"2026-05-11T12:11:56","guid":{"rendered":"https:\/\/bilbaogazte.bilbao.eus\/es\/konektaideiak-copy\/"},"modified":"2026-05-11T14:45:19","modified_gmt":"2026-05-11T12:45:19","slug":"egoitzak-2026","status":"publish","type":"page","link":"https:\/\/bilbaogazte.bilbao.eus\/es\/egoitzak-2026\/","title":{"rendered":"Egoitzak 2026"},"content":{"rendered":"<p>[vc_row][vc_column][vc_empty_space][vc_empty_space][vc_column_text]<\/p>\n<p><strong>Residencias<\/strong> es un programa promovido por el \u00c1rea de Juventud y Deporte del Ayuntamiento de Bilbao en el marco de la <strong>estrategia Bilbao Gazte STEAM<\/strong>, con el objetivo de impulsar y apoyar el talento joven especializado y fomentar una mirada cr\u00edtica sobre el impacto social, cultural y \u00e9tico de la tecnolog\u00eda.<\/p>\n<h2 style=\"text-align: center;\">CONVOCATORIAS<\/h2>\n<p>[\/vc_column_text][\/vc_column][\/vc_row][vc_row][vc_column][vc_single_image image=\u00bb61639&#8243; img_size=\u00bblarge\u00bb alignment=\u00bbcenter\u00bb onclick=\u00bbcustom_link\u00bb link=\u00bbhttps:\/\/bilbaogazte.bilbao.eus\/es\/egoitzak-2026-practicas-criticas\/\u00bb][\/vc_column][\/vc_row][vc_row][vc_column width=\u00bb1\/2&#8243;][vc_btn title=\u00bbBASES de la convocatoria\u00bb color=\u00bbchino\u00bb size=\u00bblg\u00bb link=\u00bburl:http%3A%2F%2Fbilbaogazte.bilbao.eus%2Fwp-content%2Fuploads%2F2026%2F05%2FBases-Bilingue.pdf|||\u00bb][\/vc_column][vc_column width=\u00bb1\/2&#8243;][vc_btn title=\u00bbFORMULARIO de INSCRIPCI\u00d3N\u00bb color=\u00bbchino\u00bb size=\u00bblg\u00bb link=\u00bburl:http%3A%2F%2Fbilbaogazte.bilbao.eus%2Fwp-content%2Fuploads%2F2026%2F05%2FFicha_solicitud_residencias_Practicas_Criticas_2026-Bilingue.pdf|||\u00bb][\/vc_column][\/vc_row][vc_row disable_element=\u00bbyes\u00bb][vc_column][\/vc_column][\/vc_row]<\/p>\n","protected":false},"excerpt":{"rendered":"<p class=\"entry-summary\"> Residencias es un programa promovido por el \u00c1rea de Juventud y Deporte del Ayuntamiento de Bilbao en&hellip;<\/p>\n<div class=\"link-more\"><a href=\"https:\/\/bilbaogazte.bilbao.eus\/es\/egoitzak-2026\/\" class=\"more-link\">Continue reading<span class=\"screen-reader-text\"> &ldquo;Egoitzak 2026&rdquo;<\/span>&hellip;<\/a><\/div>","protected":false},"author":79,"featured_media":0,"parent":0,"menu_order":0,"comment_status":"closed","ping_status":"closed","template":"","meta":{"_monsterinsights_skip_tracking":false,"_monsterinsights_sitenote_active":false,"_monsterinsights_sitenote_note":"","_monsterinsights_sitenote_category":0,"footnotes":""},"_links":{"self":[{"href":"https:\/\/bilbaogazte.bilbao.eus\/es\/wp-json\/wp\/v2\/pages\/67564"}],"collection":[{"href":"https:\/\/bilbaogazte.bilbao.eus\/es\/wp-json\/wp\/v2\/pages"}],"about":[{"href":"https:\/\/bilbaogazte.bilbao.eus\/es\/wp-json\/wp\/v2\/types\/page"}],"author":[{"embeddable":true,"href":"https:\/\/bilbaogazte.bilbao.eus\/es\/wp-json\/wp\/v2\/users\/79"}],"replies":[{"embeddable":true,"href":"https:\/\/bilbaogazte.bilbao.eus\/es\/wp-json\/wp\/v2\/comments?post=67564"}],"version-history":[{"count":15,"href":"https:\/\/bilbaogazte.bilbao.eus\/es\/wp-json\/wp\/v2\/pages\/67564\/revisions"}],"predecessor-version":[{"id":67594,"href":"https:\/\/bilbaogazte.bilbao.eus\/es\/wp-json\/wp\/v2\/pages\/67564\/revisions\/67594"}],"wp:attachment":[{"href":"https:\/\/bilbaogazte.bilbao.eus\/es\/wp-json\/wp\/v2\/media?parent=67564"}],"curies":[{"name":"wp","href":"https:\/\/api.w.org\/{rel}","templated":true}]}}