{"id":67577,"date":"2026-05-11T14:33:48","date_gmt":"2026-05-11T12:33:48","guid":{"rendered":"https:\/\/bilbaogazte.bilbao.eus\/es\/?page_id=67577"},"modified":"2026-05-11T14:38:51","modified_gmt":"2026-05-11T12:38:51","slug":"egoitzak-2026-practicas-criticas","status":"publish","type":"page","link":"https:\/\/bilbaogazte.bilbao.eus\/es\/egoitzak-2026-practicas-criticas\/","title":{"rendered":"Egoitzak 2026\u2013Pr\u00e1cticas cr\u00edticas"},"content":{"rendered":"<p>&nbsp;<\/p>\n<p>&nbsp;<\/p>\n<p>La convocatoria tiene como objetivo<strong> respaldar el desarrollo de proyectos de creaci\u00f3n, investigaci\u00f3n y producci\u00f3n que exploren de manera cr\u00edtica el papel de la tecnolog\u00eda en la sociedad contempor\u00e1nea<\/strong>.<\/p>\n<p>Asimismo, la convocatoria busca seleccionar propuestas que activen los recursos y espacios del equipamiento <strong>La Perrera \u2013Makergune<\/strong> y <strong>Laboratorios de Rob\u00f3tica, Audiovisuales e Inteligencia Artificial<\/strong>\u00a0desde una perspectiva art\u00edstica, experimental y socialmente comprometida, favoreciendo procesos que integren pensamiento cr\u00edtico, innovaci\u00f3n situada, trabajo colaborativo y transferencia del conocimiento.<\/p>\n","protected":false},"excerpt":{"rendered":"<p class=\"entry-summary\">&nbsp; &nbsp; La convocatoria tiene como objetivo respaldar el desarrollo de proyectos de creaci\u00f3n, investigaci\u00f3n y producci\u00f3n que&hellip;<\/p>\n<div class=\"link-more\"><a href=\"https:\/\/bilbaogazte.bilbao.eus\/es\/egoitzak-2026-practicas-criticas\/\" class=\"more-link\">Continue reading<span class=\"screen-reader-text\"> &ldquo;Egoitzak 2026\u2013Pr\u00e1cticas cr\u00edticas&rdquo;<\/span>&hellip;<\/a><\/div>","protected":false},"author":84,"featured_media":0,"parent":0,"menu_order":0,"comment_status":"closed","ping_status":"closed","template":"","meta":{"_monsterinsights_skip_tracking":false,"_monsterinsights_sitenote_active":false,"_monsterinsights_sitenote_note":"","_monsterinsights_sitenote_category":0,"footnotes":""},"_links":{"self":[{"href":"https:\/\/bilbaogazte.bilbao.eus\/es\/wp-json\/wp\/v2\/pages\/67577"}],"collection":[{"href":"https:\/\/bilbaogazte.bilbao.eus\/es\/wp-json\/wp\/v2\/pages"}],"about":[{"href":"https:\/\/bilbaogazte.bilbao.eus\/es\/wp-json\/wp\/v2\/types\/page"}],"author":[{"embeddable":true,"href":"https:\/\/bilbaogazte.bilbao.eus\/es\/wp-json\/wp\/v2\/users\/84"}],"replies":[{"embeddable":true,"href":"https:\/\/bilbaogazte.bilbao.eus\/es\/wp-json\/wp\/v2\/comments?post=67577"}],"version-history":[{"count":3,"href":"https:\/\/bilbaogazte.bilbao.eus\/es\/wp-json\/wp\/v2\/pages\/67577\/revisions"}],"predecessor-version":[{"id":67583,"href":"https:\/\/bilbaogazte.bilbao.eus\/es\/wp-json\/wp\/v2\/pages\/67577\/revisions\/67583"}],"wp:attachment":[{"href":"https:\/\/bilbaogazte.bilbao.eus\/es\/wp-json\/wp\/v2\/media?parent=67577"}],"curies":[{"name":"wp","href":"https:\/\/api.w.org\/{rel}","templated":true}]}}