{"id":67600,"date":"2026-05-12T09:13:50","date_gmt":"2026-05-12T07:13:50","guid":{"rendered":"https:\/\/bilbaogazte.bilbao.eus\/es\/greensormenaconvocatoriaproyectos-copy\/"},"modified":"2026-05-12T09:29:12","modified_gmt":"2026-05-12T07:29:12","slug":"greensormenaproyecto-ganador","status":"publish","type":"page","link":"https:\/\/bilbaogazte.bilbao.eus\/es\/greensormenaproyecto-ganador\/","title":{"rendered":"Proyecto Ganador"},"content":{"rendered":"<p>[vc_row][vc_column][vc_single_image image=\u00bb66026&#8243; img_size=\u00bbfull\u00bb][\/vc_column][\/vc_row][vc_row][vc_column][vc_row_inner][vc_column_inner width=\u00bb2\/3&#8243;][vc_column_text]<\/p>\n<h2>PROYECTO SELECCIONADO<\/h2>\n<p>&nbsp;<\/p>\n<h3><strong><span style=\"color: #339966;\">Servitor<\/span> <\/strong><\/h3>\n<p>(Fernando Moraga Caba\u00f1as, Mery Campos S\u00e1nchez, Sara Vega)<\/p>\n<p><strong>\u00a0<\/strong><\/p>\n<p>Proyecto que pretende acercar la intersecci\u00f3n entre arte y tecnolog\u00eda a personas de cualquier edad, dentro y fuera de ambos campos.<\/p>\n<p>Se trata de un dispositivo instalativo interconectado que, en su propio \u2018funcionar\u2019 se resquebraja antes de destruirse por completo. Partiendo de la idea de que las m\u00e1quinas llevan dentro de s\u00ed una tendencia al organismo, una especie de nostalgia de estar vivas, SERVITOR explora el encuentro entre cuerpos org\u00e1nicos e inorg\u00e1nicos como un solo metabolismo deseante.[\/vc_column_text][vc_single_image image=\u00bb67615&#8243; img_size=\u00bblarge\u00bb][vc_single_image image=\u00bb67618&#8243; img_size=\u00bblarge\u00bb][vc_single_image image=\u00bb67621&#8243; img_size=\u00bblarge\u00bb][\/vc_column_inner][vc_column_inner width=\u00bb1\/3&#8243;][vc_empty_space height=\u00bb40px\u00bb][vc_column_text]<span style=\"color: #ff4433;\"><b>CONTACTO<\/b><\/span>[\/vc_column_text][vc_column_text]<a href=\"mailto:gazteria@bilbao.eus\">gazteria@bilbao.eus<\/a><\/p>\n<p>944 20 30 98 (Lun-vie de 9: 00 a14:00 y mi\u00e9rcoles hasta las 17:00)[\/vc_column_text][\/vc_column_inner][\/vc_row_inner][\/vc_column][\/vc_row]<\/p>\n","protected":false},"excerpt":{"rendered":"<p class=\"entry-summary\"> PROYECTO SELECCIONADO &nbsp; Servitor (Fernando Moraga Caba\u00f1as, Mery Campos S\u00e1nchez, Sara Vega) \u00a0 Proyecto&hellip;<\/p>\n<div class=\"link-more\"><a href=\"https:\/\/bilbaogazte.bilbao.eus\/es\/greensormenaproyecto-ganador\/\" class=\"more-link\">Continue reading<span class=\"screen-reader-text\"> &ldquo;Proyecto Ganador&rdquo;<\/span>&hellip;<\/a><\/div>","protected":false},"author":84,"featured_media":0,"parent":0,"menu_order":0,"comment_status":"closed","ping_status":"closed","template":"","meta":{"_monsterinsights_skip_tracking":false,"_monsterinsights_sitenote_active":false,"_monsterinsights_sitenote_note":"","_monsterinsights_sitenote_category":0,"footnotes":""},"_links":{"self":[{"href":"https:\/\/bilbaogazte.bilbao.eus\/es\/wp-json\/wp\/v2\/pages\/67600"}],"collection":[{"href":"https:\/\/bilbaogazte.bilbao.eus\/es\/wp-json\/wp\/v2\/pages"}],"about":[{"href":"https:\/\/bilbaogazte.bilbao.eus\/es\/wp-json\/wp\/v2\/types\/page"}],"author":[{"embeddable":true,"href":"https:\/\/bilbaogazte.bilbao.eus\/es\/wp-json\/wp\/v2\/users\/84"}],"replies":[{"embeddable":true,"href":"https:\/\/bilbaogazte.bilbao.eus\/es\/wp-json\/wp\/v2\/comments?post=67600"}],"version-history":[{"count":5,"href":"https:\/\/bilbaogazte.bilbao.eus\/es\/wp-json\/wp\/v2\/pages\/67600\/revisions"}],"predecessor-version":[{"id":67624,"href":"https:\/\/bilbaogazte.bilbao.eus\/es\/wp-json\/wp\/v2\/pages\/67600\/revisions\/67624"}],"wp:attachment":[{"href":"https:\/\/bilbaogazte.bilbao.eus\/es\/wp-json\/wp\/v2\/media?parent=67600"}],"curies":[{"name":"wp","href":"https:\/\/api.w.org\/{rel}","templated":true}]}}