{"id":682,"date":"2016-06-24T09:03:03","date_gmt":"2016-06-24T09:03:03","guid":{"rendered":"http:\/\/bilbaogazte.bilbao.eus\/?page_id=682"},"modified":"2019-06-17T15:35:13","modified_gmt":"2019-06-17T13:35:13","slug":"bilborock-lab","status":"publish","type":"page","link":"https:\/\/bilbaogazte.bilbao.eus\/es\/bilborock\/bilborock-lab\/","title":{"rendered":"Bilborock Lab"},"content":{"rendered":"<p>[vc_row][vc_column][vc_video link=\u00bbhttps:\/\/www.youtube.com\/watch?v=-6TAa46HU_I\u00bb][\/vc_column][\/vc_row][vc_row css=\u00bb.vc_custom_1465294143506{padding-top: 25px !important;padding-right: 15px !important;padding-left: 5px !important;background-color: #f6f6f6 !important;}\u00bb][vc_column width=\u00bb2\/3&#8243; css=\u00bb.vc_custom_1465294068829{padding-top: 0px !important;}\u00bb][vc_column_text]<\/p>\n<p dir=\"ltr\">Bilborock Lab es un proceso de participaci\u00f3n cuyo objetivo es <strong>mejorar la programaci\u00f3n y los servicios que ofrece Bilborock<\/strong>, a trav\u00e9s de las propuestas y aportaciones presentadas por colectivos de iniciativas j\u00f3venes de Bilbao.<\/p>\n<p dir=\"ltr\">Al inicio de 2016 se iniciaron los mapeos y contactos con estas iniciativas y en febrero de 2016 se celebr\u00f3 la primera sesi\u00f3n abierta de Bilborock Lab, donde <strong>se recogieron numerosas ideas y propuestas.<\/strong> Una vez revisadas y analizadas, el Ayuntamiento <strong>valorar\u00e1 y comunicar\u00e1 su incorporaci\u00f3n a la programaci\u00f3n<\/strong> de la Sala Bilborock para el per\u00edodo 2017-19.<\/p>\n<p dir=\"ltr\">En esta primera experiencia se reunieron m\u00e1s de 60 personas para reflexionar sobre Bilborock. Se habl\u00f3 sobre Comunicaci\u00f3n, M\u00fasica, Nuevos usos \u00a0y actividades, Gesti\u00f3n y refuerzo de iniciativas j\u00f3venes y Espacio f\u00edsico para dise\u00f1ar el Bilborock del futuro.<\/p>\n<p>[\/vc_column_text][\/vc_column][vc_column width=\u00bb1\/3&#8243; el_class=\u00bbcajaPliegue\u00bb][vc_column_text]<\/p>\n<h3>M\u00e1s informaci\u00f3n:<\/h3>\n<p><span style=\"font-weight: 400;\"><a href=\"mailto:gazteria@bilbao.eus\">gazteria@bilbao.eus<\/a><br \/>\n<\/span><\/p>\n<p>Este proceso de definici\u00f3n comenz\u00f3 en febrero de 2016. Desde entonces, el Ayuntamiento ha estado definiendo c\u00f3mo abrir Bilborock a las iniciativas juveniles y poniendo en marcha algunas de las propuestas que se plantearon en BilborockLab, relativas tanto a la gesti\u00f3n como a la programaci\u00f3n y la comunicaci\u00f3n.<\/p>\n<p>Ahora, se ha dado un paso m\u00e1s. El pasado 18 de enero, el Ayuntamiento hizo la devoluci\u00f3n de este trabajo y el planteamiento de futuro a las personas participantes en el proceso.<\/p>\n<p><a href=\"http:\/\/bilbaogazte.bilbao.eus\/wp-content\/uploads\/2017\/01\/Devolucion-bilborock.pdf\">Aqu\u00ed <\/a> puedes conocer en detalle la presentaci\u00f3n realizada el 18 de enero.[\/vc_column_text][\/vc_column][\/vc_row]<\/p>\n","protected":false},"excerpt":{"rendered":"<p class=\"entry-summary\"> Bilborock Lab es&hellip;<\/p>\n<div class=\"link-more\"><a href=\"https:\/\/bilbaogazte.bilbao.eus\/es\/bilborock\/bilborock-lab\/\" class=\"more-link\">Continue reading<span class=\"screen-reader-text\"> &ldquo;Bilborock Lab&rdquo;<\/span>&hellip;<\/a><\/div>","protected":false},"author":4,"featured_media":0,"parent":512,"menu_order":0,"comment_status":"closed","ping_status":"closed","template":"templates\/page-pagina.php","meta":{"_monsterinsights_skip_tracking":false,"_monsterinsights_sitenote_active":false,"_monsterinsights_sitenote_note":"","_monsterinsights_sitenote_category":0,"footnotes":""},"_links":{"self":[{"href":"https:\/\/bilbaogazte.bilbao.eus\/es\/wp-json\/wp\/v2\/pages\/682"}],"collection":[{"href":"https:\/\/bilbaogazte.bilbao.eus\/es\/wp-json\/wp\/v2\/pages"}],"about":[{"href":"https:\/\/bilbaogazte.bilbao.eus\/es\/wp-json\/wp\/v2\/types\/page"}],"author":[{"embeddable":true,"href":"https:\/\/bilbaogazte.bilbao.eus\/es\/wp-json\/wp\/v2\/users\/4"}],"replies":[{"embeddable":true,"href":"https:\/\/bilbaogazte.bilbao.eus\/es\/wp-json\/wp\/v2\/comments?post=682"}],"version-history":[{"count":22,"href":"https:\/\/bilbaogazte.bilbao.eus\/es\/wp-json\/wp\/v2\/pages\/682\/revisions"}],"predecessor-version":[{"id":31754,"href":"https:\/\/bilbaogazte.bilbao.eus\/es\/wp-json\/wp\/v2\/pages\/682\/revisions\/31754"}],"up":[{"embeddable":true,"href":"https:\/\/bilbaogazte.bilbao.eus\/es\/wp-json\/wp\/v2\/pages\/512"}],"wp:attachment":[{"href":"https:\/\/bilbaogazte.bilbao.eus\/es\/wp-json\/wp\/v2\/media?parent=682"}],"curies":[{"name":"wp","href":"https:\/\/api.w.org\/{rel}","templated":true}]}}