{"id":687,"date":"2016-06-24T09:10:20","date_gmt":"2016-06-24T09:10:20","guid":{"rendered":"http:\/\/bilbaogazte.bilbao.eus\/?page_id=687"},"modified":"2019-06-14T13:26:52","modified_gmt":"2019-06-14T11:26:52","slug":"lets-jo","status":"publish","type":"page","link":"https:\/\/bilbaogazte.bilbao.eus\/es\/bilborock\/lets-jo\/","title":{"rendered":"Let\u2019s Jo!"},"content":{"rendered":"<p>[vc_row][vc_column][vc_single_image image=\u00bb913&#8243; img_size=\u00bbfull\u00bb][\/vc_column][\/vc_row][vc_row css=\u00bb.vc_custom_1465294143506{padding-top: 25px !important;padding-right: 15px !important;padding-left: 5px !important;background-color: #f6f6f6 !important;}\u00bb][vc_column width=\u00bb2\/3&#8243; css=\u00bb.vc_custom_1465294068829{padding-top: 0px !important;}\u00bb][vc_column_text]Este programa ofrece a las <strong>bandas de m\u00fasica novel,<\/strong> la oportunidad de utilizar el <strong>escenario de Bilborock<\/strong> para dar a conocer su trabajo y su m\u00fasica en directo. Bien, en <strong>un marat\u00f3n anual<\/strong> de bandas. O bien, actuando como <strong>teloneras<\/strong> de otro grupo.<\/p>\n<p>En esta ocasi\u00f3n, los pr\u00f3ximos conciertos programados en los que pueden actuar estas bandas noveles ser\u00e1n el 31 de marzo en el que la banda principal ser\u00e1 <strong>The Riff Truckers<\/strong> (premiada en el 22 Concurso Villa de Bilbao); y el 12 de mayo, con <strong>Vh\u00e4ldemar<\/strong>.<\/p>\n<p>Let\u00b4s Jo! ofrece la oportunidad a cuatro bandas de Bilbao de actuar como teloneras de estos conciertos. Para poder participar, hay que cumplir algunos requisitos. Consulta <u><a href=\"http:\/\/bilbaogazte.bilbao.eus\/es\/convocatoria\/quieres-actuar-con-the-riff-truckers-o-vhaldemar-en-bilborock\/\">aqu\u00ed<\/a><\/u> los detalles de la convocatoria.<\/p>\n<p><u>\u00a0<\/u>La entrada a ambos conciertos, que formar\u00e1n parte de la oferta de ocio nocturno para j\u00f3venes <strong>#BilbaoGazteNight,<\/strong> ser\u00e1 gratuita y estar\u00e1 abierta \u2013 hasta completar aforo- a todas las personas que quieran disfrutar de la m\u00fasica en vivo y conocer los movimientos musicales emergentes.<\/p>\n<p><a href=\"http:\/\/bilbaogazte.bilbao.eus\/es\/2017\/02\/23\/nueva-convocatoria-de-lets-jo-para-bandas-de-musica-noveles-de-bilbao\/\">M\u00e1s informaci\u00f3n<\/a>[\/vc_column_text][\/vc_column][vc_column width=\u00bb1\/3&#8243; el_class=\u00bbcajaPliegue\u00bb][vc_column_text]<\/p>\n<h3>Contacto<\/h3>\n<p><a href=\"mailto:censobandas@bilbao.eus\">censobandas@bilbao.eus<\/a><\/p>\n<h3>Bases del concurso<\/h3>\n<p><a href=\"http:\/\/bilbaogazte.bilbao.eus\/wp-content\/uploads\/2017\/02\/ConvocatoriaConciertosLetsJo2017cas-eus.pdf\">Bases<\/a>[\/vc_column_text][\/vc_column][\/vc_row]<\/p>\n","protected":false},"excerpt":{"rendered":"<p class=\"entry-summary\">Este programa ofrece&hellip;<\/p>\n<div class=\"link-more\"><a href=\"https:\/\/bilbaogazte.bilbao.eus\/es\/bilborock\/lets-jo\/\" class=\"more-link\">Continue reading<span class=\"screen-reader-text\"> &ldquo;Let\u2019s Jo!&rdquo;<\/span>&hellip;<\/a><\/div>","protected":false},"author":60,"featured_media":0,"parent":512,"menu_order":0,"comment_status":"closed","ping_status":"closed","template":"templates\/with-sidebar.php","meta":{"_monsterinsights_skip_tracking":false,"_monsterinsights_sitenote_active":false,"_monsterinsights_sitenote_note":"","_monsterinsights_sitenote_category":0,"footnotes":""},"_links":{"self":[{"href":"https:\/\/bilbaogazte.bilbao.eus\/es\/wp-json\/wp\/v2\/pages\/687"}],"collection":[{"href":"https:\/\/bilbaogazte.bilbao.eus\/es\/wp-json\/wp\/v2\/pages"}],"about":[{"href":"https:\/\/bilbaogazte.bilbao.eus\/es\/wp-json\/wp\/v2\/types\/page"}],"author":[{"embeddable":true,"href":"https:\/\/bilbaogazte.bilbao.eus\/es\/wp-json\/wp\/v2\/users\/60"}],"replies":[{"embeddable":true,"href":"https:\/\/bilbaogazte.bilbao.eus\/es\/wp-json\/wp\/v2\/comments?post=687"}],"version-history":[{"count":21,"href":"https:\/\/bilbaogazte.bilbao.eus\/es\/wp-json\/wp\/v2\/pages\/687\/revisions"}],"predecessor-version":[{"id":31701,"href":"https:\/\/bilbaogazte.bilbao.eus\/es\/wp-json\/wp\/v2\/pages\/687\/revisions\/31701"}],"up":[{"embeddable":true,"href":"https:\/\/bilbaogazte.bilbao.eus\/es\/wp-json\/wp\/v2\/pages\/512"}],"wp:attachment":[{"href":"https:\/\/bilbaogazte.bilbao.eus\/es\/wp-json\/wp\/v2\/media?parent=687"}],"curies":[{"name":"wp","href":"https:\/\/api.w.org\/{rel}","templated":true}]}}