{"id":694,"date":"2016-06-24T09:15:45","date_gmt":"2016-06-24T09:15:45","guid":{"rendered":"http:\/\/bilbaogazte.bilbao.eus\/?page_id=694"},"modified":"2020-06-10T12:47:23","modified_gmt":"2020-06-10T10:47:23","slug":"bilbao-you-week","status":"publish","type":"page","link":"https:\/\/bilbaogazte.bilbao.eus\/es\/bilborock\/bilbao-you-week\/","title":{"rendered":"Bilbao You Week"},"content":{"rendered":"<p>[vc_row][vc_column][vc_single_image image=\u00bb38219&#8243; img_size=\u00bbfull\u00bb][\/vc_column][\/vc_row][vc_row css=\u00bb.vc_custom_1582639120946{padding-top: 25px !important;padding-right: 15px !important;padding-left: 5px !important;background-color: #f6f6f6 !important;}\u00bb][vc_column css=\u00bb.vc_custom_1465294068829{padding-top: 0px !important;}\u00bb][vc_column_text]El jueves 18 de junio de 18:00 a 20:30 horas, se desarrollar\u00e1 la quinta edici\u00f3n de\u00a0#BilbaoYouWeek\u00a0que tuvo que aplazarse por la crisis sanitaria del COVID-19. En este caso\u00a0<strong>se realizar\u00e1 a puerta cerrada y se retransmitir\u00e1 por streaming<\/strong> en el canal de <a href=\"https:\/\/www.youtube.com\/channel\/UC6OfOW4eKiNhFjdLB-Xf0zQ\" target=\"_blank\" rel=\"noopener noreferrer\">Youtube de BilbaoGazte<\/a>.<\/p>\n<p><strong>La gala ser\u00e1 presentada por Alba Vidal (Koala Rabioso) e Iban Garcia<\/strong>, quienes animar\u00e1n al p\u00fablico online a la utilizaci\u00f3n de las redes sociales para conectar con el evento mediante el hashtag #BYW2020.<\/p>\n<p>Este es el programa:<\/p>\n<ul>\n<li><strong>Natzuki Sel y Hurona Rolera, que hablar\u00e1n sobre videojuegos<\/strong>, t\u00e9cnicas y temas de<br \/>\ninter\u00e9s. Se compartir\u00e1 una partida de videojuegos grabada previamente.<\/li>\n<li><strong>Mon\u00f3logo con Tigrillo<\/strong>.<\/li>\n<li><strong>Entrevista a las componentes de Twin Melody<\/strong>, a quienes se trasladar\u00e1n las preguntas previamente enviadas por sus followers.<\/li>\n<li><strong>Muestra de Beatbox a cargo de la artista local Minimi<\/strong>.<\/li>\n<\/ul>\n<p>[\/vc_column_text][vc_column_text]Bilbao You Week es una iniciativa que se suma a la programaci\u00f3n de Bilborock a trav\u00e9s de <strong>eventos<\/strong>, creados por j\u00f3venes, que<strong> conectan lo anal\u00f3gico y lo digital<\/strong> y que implican a iniciativas emergentes de la ciudad. Entre los temas que tratan se encuentran: youtubers, bloggers, gamers, markers, m\u00fasicos digitales&#8230;[\/vc_column_text][vc_column_text]Es una de las iniciativas <strong>surgidas del proceso participativo BilborockLab. <\/strong>La primera edici\u00f3n de estas jornadas se celebr\u00f3 los d\u00edas<strong> <a href=\"http:\/\/bilbaogazte.bilbao.eus\/es\/?p=12979\">13 y 14 de junio de 2016.<\/a><br \/>\n<\/strong>[\/vc_column_text][\/vc_column][\/vc_row][vc_row][vc_column][vc_column_text css=\u00bb.vc_custom_1584101594710{background-color: #dd3333 !important;}\u00bb]<\/p>\n<p style=\"text-align: center;\"><span style=\"color: #ffffff;\"><strong>EDICIONES ANTERIORES<\/strong><\/span><\/p>\n<p>[\/vc_column_text][vc_video link=\u00bbhttps:\/\/youtu.be\/ZiHpyqDf_bU\u00bb][vc_video link=\u00bbhttps:\/\/www.youtube.com\/watch?v=7EoJQIgPATE\u00bb][vc_video link=\u00bbhttps:\/\/www.youtube.com\/watch?v=tXxj9_KHIrM\u00bb][\/vc_column][\/vc_row]<\/p>\n","protected":false},"excerpt":{"rendered":"<p class=\"entry-summary\">El jueves 18 de&hellip;<\/p>\n<div class=\"link-more\"><a href=\"https:\/\/bilbaogazte.bilbao.eus\/es\/bilborock\/bilbao-you-week\/\" class=\"more-link\">Continue reading<span class=\"screen-reader-text\"> &ldquo;Bilbao You Week&rdquo;<\/span>&hellip;<\/a><\/div>","protected":false},"author":60,"featured_media":0,"parent":512,"menu_order":0,"comment_status":"closed","ping_status":"closed","template":"templates\/page-pagina.php","meta":{"_monsterinsights_skip_tracking":false,"_monsterinsights_sitenote_active":false,"_monsterinsights_sitenote_note":"","_monsterinsights_sitenote_category":0,"footnotes":""},"_links":{"self":[{"href":"https:\/\/bilbaogazte.bilbao.eus\/es\/wp-json\/wp\/v2\/pages\/694"}],"collection":[{"href":"https:\/\/bilbaogazte.bilbao.eus\/es\/wp-json\/wp\/v2\/pages"}],"about":[{"href":"https:\/\/bilbaogazte.bilbao.eus\/es\/wp-json\/wp\/v2\/types\/page"}],"author":[{"embeddable":true,"href":"https:\/\/bilbaogazte.bilbao.eus\/es\/wp-json\/wp\/v2\/users\/60"}],"replies":[{"embeddable":true,"href":"https:\/\/bilbaogazte.bilbao.eus\/es\/wp-json\/wp\/v2\/comments?post=694"}],"version-history":[{"count":69,"href":"https:\/\/bilbaogazte.bilbao.eus\/es\/wp-json\/wp\/v2\/pages\/694\/revisions"}],"predecessor-version":[{"id":38228,"href":"https:\/\/bilbaogazte.bilbao.eus\/es\/wp-json\/wp\/v2\/pages\/694\/revisions\/38228"}],"up":[{"embeddable":true,"href":"https:\/\/bilbaogazte.bilbao.eus\/es\/wp-json\/wp\/v2\/pages\/512"}],"wp:attachment":[{"href":"https:\/\/bilbaogazte.bilbao.eus\/es\/wp-json\/wp\/v2\/media?parent=694"}],"curies":[{"name":"wp","href":"https:\/\/api.w.org\/{rel}","templated":true}]}}