{"id":777,"date":"2016-06-24T11:27:18","date_gmt":"2016-06-24T11:27:18","guid":{"rendered":"http:\/\/bilbaogazte.bilbao.eus\/?page_id=777"},"modified":"2020-02-27T13:57:28","modified_gmt":"2020-02-27T11:57:28","slug":"concurso-pop-rock-villa-de-bilbao","status":"publish","type":"page","link":"https:\/\/bilbaogazte.bilbao.eus\/es\/bilborock\/concurso-pop-rock-villa-de-bilbao\/","title":{"rendered":"Concurso Pop-Rock Villa de Bilbao"},"content":{"rendered":"<p>[vc_row disable_element=\u00bbyes\u00bb][vc_column][vc_raw_html]JTNDaWZyYW1lJTIwd2lkdGglM0QlMjI1NjAlMjIlMjBoZWlnaHQlM0QlMjI2MDAlMjIlMjBzcmMlM0QlMjJodHRwcyUzQSUyRiUyRnd3dy55b3V0dWJlLmNvbSUyRmVtYmVkJTJGX1dTaU03UWpXeFklMjIlMjBmcmFtZWJvcmRlciUzRCUyMjAlMjIlMjBhbGxvd2Z1bGxzY3JlZW4lM0UlM0MlMkZpZnJhbWUlM0U=[\/vc_raw_html][\/vc_column][\/vc_row][vc_row disable_element=\u00bbyes\u00bb][vc_column][vc_raw_html]JTNDdmlkZW8lMjBjbGFzcyUzRCUyMmFsaWduY2VudGVyJTIyJTIwc3JjJTNEJTIyaHR0cCUzQSUyRiUyRmJpbGJhb2dhenRlLmJpbGJhby5ldXMlMkZ3cC1jb250ZW50JTJGdXBsb2FkcyUyRjIwMTklMkYxMCUyRkZJTkFMRVNfVklMTEFERUJJTEJBT18zMUVESUNJT05fMjAxOV9WNC5tcDQlMjIlMjBjb250cm9scyUzRCUyMmNvbnRyb2xzJTIyJTIwcG9zdGVyJTNEJTIyaHR0cCUzQSUyRiUyRmJpbGJhb2dhenRlLmJpbGJhby5ldXMlMkZ3cC1jb250ZW50JTJGdXBsb2FkcyUyRjIwMTklMkYxMCUyRkZpbmFsYWsuanBnJTIyJTNFJTNDJTJGdmlkZW8lM0U=[\/vc_raw_html][\/vc_column][\/vc_row][vc_row][vc_column][vc_gallery interval=\u00bb3&#8243; images=\u00bb34682,34670,34667,34661,34711,34664,34673,34679,34676&#8243; img_size=\u00bbfull\u00bb][vc_column_text]<\/p>\n<p style=\"font-weight: 400;\">El Concurso Pop Rock Villa de Bilbao, a lo largo de sus 31 a\u00f1os de historia, ha servido como escenario para las propuestas en directo de m\u00e1s de un millar de bandas de una amplia variedad de estilos. Ha sido tambi\u00e9n el punto de partida para destacadas referencias de la escena musical. En sus inicios, tuvieron su oportunidad grupos como Yo soy Julio C\u00e9sar (primer ganador del certamen), Los Bichos, Platero y T\u00fa, Su Ta Gar, Allnighters, El Inquilino Comunista, Australian Blonde o Zea Mays.<\/p>\n<p style=\"font-weight: 400;\">En etapas posteriores, subieron al escenario bandas como El Columpio Asesino, Sidonie, Audience, The Sunday Drivers, Ainara Legardon, C\u00e1psula, Waldheim, Cherry Boppers, Las Culebras, Standard o Delorean. Y en ediciones m\u00e1s recientes participaron formaciones como Rise To Fall, The Riff Truckers, Yellow Big Machine, Quaoar, The Wizards, The Great Barrier, The Saurs, The Zephyr Bones, Rrucculla, Camellos o Los Estanques, entre otros.<\/p>\n<p>[\/vc_column_text][\/vc_column][\/vc_row][vc_row disable_element=\u00bbyes\u00bb css=\u00bb.vc_custom_1566903250642{padding-top: 25px !important;padding-right: 15px !important;padding-left: 5px !important;background-color: #f6f6f6 !important;}\u00bb el_class=\u00bbintroSinFoto\u00bb][vc_column width=\u00bb2\/3&#8243; css=\u00bb.vc_custom_1465294068829{padding-top: 0px !important;}\u00bb][vc_column_text]<strong>Edici\u00f3n 31 del concurso.<\/strong> Este a\u00f1o, el plazo de <a href=\"https:\/\/www.bilbao.eus\/VillaWar\/jsp\/altagrupo.jsp?idioma=c&amp;color=rojo&amp;\" target=\"_blank\" rel=\"noopener noreferrer\">inscripci\u00f3n <\/a>para participar en este certamen es <strong>del 1 de abril al 5 de<\/strong> <strong>mayo<\/strong>, ambos inclusive<strong>.<\/strong> Puedes conocer aqu\u00ed las\u00a0<a href=\"http:\/\/bilbaogazte.bilbao.eus\/wp-content\/uploads\/2019\/03\/Bases-castellano-31Villa.pdf\">bases<\/a>\u00a0y requisitos de <a href=\"http:\/\/bilbaogazte.bilbao.eus\/es\/convocatoria\/concurso-de-pop-rock-villa-de-bilbao-xxxi-edicion\/\">participaci\u00f3n<\/a>.<\/p>\n<p><strong>Modalidades<\/strong><\/p>\n<p>Hay tres modalidades de participaci\u00f3n en el concurso para bandas:<\/p>\n<ul>\n<li>\n<p dir=\"ltr\"><strong>URBAN:\u00a0<\/strong>Rap (hip hop), trap, reggae, dancehall, afrotrap, afrobeat, funk, soul, R&amp;B, jazz, contempor\u00e1neo, trip hop, grime, electropical, chip music, 8-bit, electr\u00f3nica, ambient, industrial, electrocumbia, dub, hardstyle, house, breakbeat, disco, techno, trance, minimal, drum\u2019n\u2019bass, electro y otras combinaciones.<\/p>\n<\/li>\n<li><strong>METAL:<\/strong>\u00a0Heavy, rock duro, power, thrash, speed, death, grind, black, doom, g\u00f3tico, industrial, A.O.R., hardcore, nu metal, rap met\u00e1lico, metal alternativo y otras combinaciones.<\/li>\n<li>\n<p dir=\"ltr\"><strong>POP ROCK:<\/strong>\u00a0Pop-Rock: rock, experimental, psicodelia, instrumental, math, post rock, art rock, rock and roll, rhythm&amp;blues, , folk rock, americana, hard rock, stoner, garage, noise, hard core, punk rock, ska-reggae, emo, alternativo, indie, pop, tecno pop, power pop y otras combinaciones.<\/p>\n<\/li>\n<\/ul>\n<p><strong>Premios en met\u00e1lico:<\/strong><\/p>\n<table width=\"477\">\n<tbody>\n<tr>\n<td colspan=\"2\" width=\"154\">Categor\u00eda\u00a0Pop-Rock<\/td>\n<td colspan=\"2\" width=\"158\">Categor\u00eda Metal<\/td>\n<td colspan=\"2\" width=\"165\">Categor\u00eda\u00a0Urban<\/td>\n<\/tr>\n<tr>\n<td width=\"34\"><em>1\u00ba <\/em><\/td>\n<td width=\"120\"><em>4.000 euros <\/em><\/td>\n<td width=\"30\"><em>1\u00ba <\/em><\/td>\n<td width=\"128\"><em>4.000 euros <\/em><\/td>\n<td width=\"26\"><em>1o <\/em><\/td>\n<td width=\"139\"><em>4.000 euros <\/em><\/td>\n<\/tr>\n<tr>\n<td width=\"34\">2\u00ba<\/td>\n<td width=\"120\">2.000 euros<\/td>\n<td width=\"30\">2\u00ba<\/td>\n<td width=\"128\">2.000 euros<\/td>\n<td width=\"26\">\u00a02\u00ba<\/td>\n<td width=\"139\">\u00a02.000 euros<\/td>\n<\/tr>\n<tr>\n<td width=\"34\">3\u00ba<\/td>\n<td width=\"120\">1.300 euros<\/td>\n<td width=\"30\">3\u00ba<\/td>\n<td width=\"128\">1.300 euros<\/td>\n<td width=\"26\">\u00a03\u00ba<\/td>\n<td width=\"139\">\u00a01.300 euros<\/td>\n<\/tr>\n<tr>\n<td colspan=\"6\" width=\"477\">Premio especial del jurado a banda\/solista de Bizkaia*: 1000\u20ac<\/td>\n<\/tr>\n<\/tbody>\n<\/table>\n<p><strong>Fases del Concurso<\/strong><\/p>\n<ul>\n<li><strong>1\u00aa Fase:<\/strong> Selecci\u00f3n de 32 grupos entre todos los inscritos.<br \/>\n16 grupos de Pop- Rock<br \/>\n8 grupos de Metal<br \/>\n8 grupos de\u00a0Urban<\/li>\n<li><strong>2\u00aa Fase:<\/strong> Los grupos seleccionados actuar\u00e1n en directo en Bilborock en septiembre en las fechas y horarios establecidos por la organizaci\u00f3n. El Jurado- compuesto por profesionales del \u00e1mbito musical- y el p\u00fablico asistente a los conciertos-, seleccionar\u00e1 de entre ellos 3 grupos en cada modalidad.<\/li>\n<li><strong>3\u00aa Fase:<\/strong> Conciertos finales y fallo del jurado. Tendr\u00e1n lugar los d\u00edas 17, 18 y 19 de octubre.<\/li>\n<\/ul>\n<p>La posibilidad de subirse a este escenario, ante un p\u00fablico entendido, o de recibir diversos premios (en met\u00e1lico, instrumentos, actuaciones, difusi\u00f3n), son dos incentivos para participar en este concurso, que a d\u00eda de hoy, es un referente dentro del panorama musical europeo.[\/vc_column_text][\/vc_column][vc_column width=\u00bb1\/3&#8243; el_class=\u00bbcajaPliegue\u00bb][vc_column_text]<\/p>\n<h3>The contest (information in english)<\/h3>\n<ul>\n<li><a href=\"http:\/\/bilbaogazte.bilbao.eus\/wp-content\/uploads\/2019\/03\/Bases-ingles-31Villa.pdf\">Terms and conditions<\/a><\/li>\n<li><a href=\"https:\/\/www.bilbao.eus\/VillaWar\/jsp\/altagrupo.jsp?idioma=i&amp;color=rojo&amp;\" target=\"_blank\" rel=\"noopener noreferrer\">Registrations<\/a><\/li>\n<\/ul>\n<h3>Le concours (information en fran\u00e7ais)<\/h3>\n<ul>\n<li><a href=\"http:\/\/bilbaogazte.bilbao.eus\/wp-content\/uploads\/2019\/03\/Bases-frances-31Villa.pdf\" target=\"_blank\" rel=\"noopener noreferrer\">Termes et conditions<\/a><\/li>\n<li><a href=\"https:\/\/www.bilbao.eus\/VillaWar\/jsp\/altagrupo.jsp?idioma=i&amp;color=rojo&amp;\" target=\"_blank\" rel=\"noopener noreferrer\">Inscriptions<\/a><\/li>\n<\/ul>\n<h3>Contacto<\/h3>\n<p>Bilborock<br \/>\nMuelle La Merced, 1.<br \/>\n48003 Bilbao<br \/>\n<strong>Tel\u00e9fono:<\/strong> 944 151 306<br \/>\n<strong>Fax: <\/strong>944 155 919<br \/>\n<strong>E mail:<\/strong> <a href=\"mailto:bilborock@ayto.bilbao.net\" target=\"_blank\" rel=\"noopener noreferrer\">bilborock@bilbao.eus<\/a><\/p>\n<h3><\/h3>\n<p>[\/vc_column_text][\/vc_column][\/vc_row][vc_row disable_element=\u00bbyes\u00bb][vc_column][vc_single_image image=\u00bb33551&#8243; img_size=\u00bblarge\u00bb][\/vc_column][\/vc_row][vc_row][vc_column][vc_separator color=\u00bbblack\u00bb][vc_tta_accordion c_align=\u00bbcenter\u00bb active_section=\u00bb2&#8243;][vc_tta_section title=\u00bbTodas las ediciones\u00bb tab_id=\u00bb1540364731520-c72b6f04-5ff2&#8243;][vc_single_image image=\u00bb36775&#8243; img_size=\u00bbfull\u00bb onclick=\u00bbcustom_link\u00bb link=\u00bbhttp:\/\/bilbaogazte.bilbao.eus\/es\/concurso-pop-rock-villa-de-bilbao-edicion-31\/\u00bb][vc_single_image image=\u00bb29818&#8243; img_size=\u00bbfull\u00bb onclick=\u00bbcustom_link\u00bb link=\u00bbhttp:\/\/bilbaogazte.bilbao.eus\/es\/concurso-pop-rock-villa-de-bilbao-edicion-30\/\u00bb][vc_single_image image=\u00bb19896&#8243; img_size=\u00bbfull\u00bb onclick=\u00bbcustom_link\u00bb link=\u00bbhttp:\/\/bilbaogazte.bilbao.eus\/es\/palmares-29-villa-de-bilbao\/\u00bb][vc_single_image image=\u00bb15331&#8243; img_size=\u00bbfull\u00bb onclick=\u00bbcustom_link\u00bb link=\u00bbhttp:\/\/bilbaogazte.bilbao.eus\/es\/concurso-pop-rock-villa-de-bilbao-edicion-28-2\/\u00bb][vc_single_image image=\u00bb15329&#8243; img_size=\u00bbfull\u00bb onclick=\u00bbcustom_link\u00bb link=\u00bbhttp:\/\/bilbaogazte.bilbao.eus\/es\/concurso-pop-rock-villa-de-bilbao-edicion-27\/\u00bb][vc_single_image image=\u00bb15327&#8243; img_size=\u00bbfull\u00bb onclick=\u00bbcustom_link\u00bb link=\u00bbhttp:\/\/bilbaogazte.bilbao.eus\/es\/concurso-pop-rock-villa-de-bilbao-edicion-26\/\u00bb][vc_single_image image=\u00bb15325&#8243; img_size=\u00bbfull\u00bb onclick=\u00bbcustom_link\u00bb link=\u00bbhttp:\/\/bilbaogazte.bilbao.eus\/es\/concurso-villa-de-bilbao-edicion-25\/\u00bb][vc_single_image image=\u00bb15323&#8243; img_size=\u00bbfull\u00bb onclick=\u00bbcustom_link\u00bb img_link_target=\u00bb_blank\u00bb link=\u00bbhttp:\/\/bilbaogazte.bilbao.eus\/wp-content\/uploads\/2020\/02\/Palmares-Total-Villa-1989-2012-Cas.pdf\u00bb][\/vc_tta_section][\/vc_tta_accordion][\/vc_column][\/vc_row][vc_row disable_element=\u00bbyes\u00bb][vc_column width=\u00bb2\/3&#8243;][\/vc_column][vc_column width=\u00bb1\/3&#8243;][\/vc_column][\/vc_row][vc_row][vc_column][\/vc_column][\/vc_row]<\/p>\n","protected":false},"excerpt":{"rendered":"<p class=\"entry-summary\">JTNDaWZyYW1lJTIwd2lkdGglM0QlMjI1NjAlMjIlMjBoZWlnaHQlM0QlMjI2MDAlMjIlMjBzcmMlM0QlMjJodHRwcyUzQSUyRiUyRnd3dy55b3V0dWJlLmNvbSUyRmVtYmVkJTJGX1dTaU03UWpXeFklMjIlMjBmcmFtZWJvcmRlciUzRCUyMjAlMjIlMjBhbGxvd2Z1bGxzY3JlZW4lM0UlM0MlMkZpZnJhbWUlM0U=JTNDdmlkZW8lMjBjbGFzcyUzRCUyMmFsaWduY2VudGVyJTIyJTIwc3JjJTNEJTIyaHR0cCUzQSUyRiUyRmJpbGJhb2dhenRlLmJpbGJhby5ldXMlMkZ3cC1jb250ZW50JTJGdXBsb2FkcyUyRjIwMTklMkYxMCUyRkZJTkFMRVNfVklMTEFERUJJTEJBT18zMUVESUNJT05fMjAxOV9WNC5tcDQlMjIlMjBjb250cm9scyUzRCUyMmNvbnRyb2xzJTIyJTIwcG9zdGVyJTNEJTIyaHR0cCUzQSUyRiUyRmJpbGJhb2dhenRlLmJpbGJhby5ldXMlMkZ3cC1jb250ZW50JTJGdXBsb2FkcyUyRjIwMTklMkYxMCUyRkZpbmFsYWsuanBnJTIyJTNFJTNDJTJGdmlkZW8lM0U= El Concurso Pop Rock Villa de Bilbao, a lo largo de sus&hellip;<\/p>\n<div class=\"link-more\"><a href=\"https:\/\/bilbaogazte.bilbao.eus\/es\/bilborock\/concurso-pop-rock-villa-de-bilbao\/\" class=\"more-link\">Continue reading<span class=\"screen-reader-text\"> &ldquo;Concurso Pop-Rock Villa de Bilbao&rdquo;<\/span>&hellip;<\/a><\/div>","protected":false},"author":60,"featured_media":0,"parent":512,"menu_order":0,"comment_status":"closed","ping_status":"closed","template":"templates\/page-pagina.php","meta":{"_monsterinsights_skip_tracking":false,"_monsterinsights_sitenote_active":false,"_monsterinsights_sitenote_note":"","_monsterinsights_sitenote_category":0,"footnotes":""},"_links":{"self":[{"href":"https:\/\/bilbaogazte.bilbao.eus\/es\/wp-json\/wp\/v2\/pages\/777"}],"collection":[{"href":"https:\/\/bilbaogazte.bilbao.eus\/es\/wp-json\/wp\/v2\/pages"}],"about":[{"href":"https:\/\/bilbaogazte.bilbao.eus\/es\/wp-json\/wp\/v2\/types\/page"}],"author":[{"embeddable":true,"href":"https:\/\/bilbaogazte.bilbao.eus\/es\/wp-json\/wp\/v2\/users\/60"}],"replies":[{"embeddable":true,"href":"https:\/\/bilbaogazte.bilbao.eus\/es\/wp-json\/wp\/v2\/comments?post=777"}],"version-history":[{"count":195,"href":"https:\/\/bilbaogazte.bilbao.eus\/es\/wp-json\/wp\/v2\/pages\/777\/revisions"}],"predecessor-version":[{"id":37029,"href":"https:\/\/bilbaogazte.bilbao.eus\/es\/wp-json\/wp\/v2\/pages\/777\/revisions\/37029"}],"up":[{"embeddable":true,"href":"https:\/\/bilbaogazte.bilbao.eus\/es\/wp-json\/wp\/v2\/pages\/512"}],"wp:attachment":[{"href":"https:\/\/bilbaogazte.bilbao.eus\/es\/wp-json\/wp\/v2\/media?parent=777"}],"curies":[{"name":"wp","href":"https:\/\/api.w.org\/{rel}","templated":true}]}}