{"id":7826,"date":"2016-10-18T15:34:09","date_gmt":"2016-10-18T13:34:09","guid":{"rendered":"http:\/\/bilbao.net\/es\/aviso-legal\/"},"modified":"2025-07-08T13:17:23","modified_gmt":"2025-07-08T11:17:23","slug":"aviso-legal","status":"publish","type":"page","link":"https:\/\/bilbaogazte.bilbao.eus\/es\/aviso-legal\/","title":{"rendered":"Aviso legal"},"content":{"rendered":"<div class=\"utilidades\">\n<p>En cumplimiento de la Ley 34\/2002, de 11 de julio, de Servicios de la Sociedad de la Informaci\u00f3n y de Comercio Electr\u00f3nico, le informamos:<\/p>\n<ul>\n<li>El dominio <a title=\"Se abrir\u00e1 en ventana nueva\" href=\"https:\/\/www.bilbao.eus\/\" target=\"_blank\" rel=\"noopener\">www.bilbao.eus<\/a>\u00a0es titularidad del Ayuntamiento de Bilbao, y se trata de un sitio web puesto a disposici\u00f3n de todo\/a usuario\/a con el objetivo de suministrar informaci\u00f3n general sobre la ciudad de Bilbao as\u00ed como de los diferentes servicios y gestiones propias de la organizaci\u00f3n municipal.<\/li>\n<li>El Ayuntamiento de Bilbao, con CIF P-4802400D, es una Administraci\u00f3n local domiciliada a los efectos de la presente informaci\u00f3n en la Plaza Ernesto Erkoreka, n\u00ba1 48007 Bilbao (Espa\u00f1a). Otros datos de contacto que ponemos a su disposici\u00f3n:<br \/>\nTel\u00e9fono: +34. 944 204 200<br \/>\nCorreo electr\u00f3nico: <a href=\"mailto:webmaster@bilbao.eus\">webmaster@bilbao.eus<\/a><\/li>\n<\/ul>\n<p>Todos los signos distintivos, marcas, nombres comerciales, contenidos (textos, gr\u00e1ficos, im\u00e1genes, fotograf\u00edas, software, links y dem\u00e1s contenidos audiovisuales o sonoros y c\u00f3digos fuente\u2026), estructura, dise\u00f1o y forma de presentaci\u00f3n de los elementos y cualquier otra informaci\u00f3n que aparezca en este sitio Web son propiedad del Ayuntamiento de Bilbao y est\u00e1n protegidos por los derechos de propiedad industrial e intelectual.<\/p>\n<p>El\/la usuario\/a tiene prohibida la reproducci\u00f3n, transformaci\u00f3n, distribuci\u00f3n, comunicaci\u00f3n p\u00fablica y, en general cualquier otra forma de explotaci\u00f3n de los elementos referidos en el apartado anterior sin autorizaci\u00f3n expresa del Ayuntamiento de Bilbao. Se autoriza la impresi\u00f3n y descarga de extractos de los contenidos de este sitio web \u00fanicamente cuando se realicen para uso personal y privado.<\/p>\n<p>En este sitio Web oficial el\/la usuario\/a podr\u00e1 encontrar diversos enlaces que le conducir\u00e1n a p\u00e1ginas Web independientes de \u00e9sta con la finalidad de facilitar el acceso a otras fuentes de informaci\u00f3n en Internet relacionadas con nuestra organizaci\u00f3n municipal y con respeto de los derechos de propiedad intelectual que, en su caso, puedan corresponder a sus autores. No obstante, el Ayuntamiento de Bilbao no asume ninguna responsabilidad derivada de las conexiones o los contenidos de esos enlaces. Asimismo, el establecimiento de enlaces al sitio Web del Ayuntamiento de Bilbao, previa solicitud y autorizaci\u00f3n de \u00e9ste, deber\u00e1 respetar los derechos de propiedad intelectual de titularidad municipal.<\/p>\n<p>El\/la usuario\/a se abstendr\u00e1 de emplear medios que puedan suprimir, alterar, eludir o manipular cualesquiera dispositivos de protecci\u00f3n o sistemas de seguridad que puedan estar instalados y que comporten un riesgo o da\u00f1o o inutilizaci\u00f3n del sitio Web y\/o sus contenidos.<\/p>\n<p>El Ayuntamiento de Bilbao no se responsabiliza del posible uso inapropiado que terceros realicen de esta p\u00e1gina Web, ni del contenido y actualizaci\u00f3n de la informaci\u00f3n que proviene de otras personas f\u00edsicas o jur\u00eddicas y que conste en el sitio Web o a la que se remita a partir de enlaces u otros sistemas. Los contenidos proporcionados a trav\u00e9s de esta p\u00e1gina web tienen car\u00e1cter meramente informativo, por lo que el uso que de estos pueda hacer el usuario y las eventuales consecuencias, da\u00f1os o perjuicios que pudiesen derivarse, son de la exclusiva responsabilidad del usuario\/a. El Ayuntamiento de Bilbao no asume responsabilidad alguna por da\u00f1os y perjuicios de toda naturaleza que pudieran ocasionarse por el uso de enlaces (links), directorios y herramientas de b\u00fasqueda, que permiten a los\/as usuarios\/as acceder a sitios Web pertenecientes y\/o gestionados por terceros as\u00ed como de la presencia de virus u otros c\u00f3digos maliciosos en los contenidos que puedan producir cualquier tipo de da\u00f1os en el sistema inform\u00e1tico, documentos electr\u00f3nicos o ficheros de los\/as usuarios\/as.<\/p>\n<p>El Ayuntamiento de Bilbao se reserva el derecho de ejercitar las acciones legales que considere oportunas derivadas de cualesquiera usos il\u00edcitos por parte de terceros de los contenidos de su p\u00e1gina web.<\/p>\n<\/div>\n","protected":false},"excerpt":{"rendered":"<p class=\"entry-summary\">En cumplimiento de la Ley 34\/2002, de 11 de julio, de Servicios de la Sociedad de la Informaci\u00f3n&hellip;<\/p>\n<div class=\"link-more\"><a href=\"https:\/\/bilbaogazte.bilbao.eus\/es\/aviso-legal\/\" class=\"more-link\">Continue reading<span class=\"screen-reader-text\"> &ldquo;Aviso legal&rdquo;<\/span>&hellip;<\/a><\/div>","protected":false},"author":60,"featured_media":0,"parent":0,"menu_order":0,"comment_status":"closed","ping_status":"closed","template":"","meta":{"_monsterinsights_skip_tracking":false,"_monsterinsights_sitenote_active":false,"_monsterinsights_sitenote_note":"","_monsterinsights_sitenote_category":0,"footnotes":""},"_links":{"self":[{"href":"https:\/\/bilbaogazte.bilbao.eus\/es\/wp-json\/wp\/v2\/pages\/7826"}],"collection":[{"href":"https:\/\/bilbaogazte.bilbao.eus\/es\/wp-json\/wp\/v2\/pages"}],"about":[{"href":"https:\/\/bilbaogazte.bilbao.eus\/es\/wp-json\/wp\/v2\/types\/page"}],"author":[{"embeddable":true,"href":"https:\/\/bilbaogazte.bilbao.eus\/es\/wp-json\/wp\/v2\/users\/60"}],"replies":[{"embeddable":true,"href":"https:\/\/bilbaogazte.bilbao.eus\/es\/wp-json\/wp\/v2\/comments?post=7826"}],"version-history":[{"count":5,"href":"https:\/\/bilbaogazte.bilbao.eus\/es\/wp-json\/wp\/v2\/pages\/7826\/revisions"}],"predecessor-version":[{"id":63065,"href":"https:\/\/bilbaogazte.bilbao.eus\/es\/wp-json\/wp\/v2\/pages\/7826\/revisions\/63065"}],"wp:attachment":[{"href":"https:\/\/bilbaogazte.bilbao.eus\/es\/wp-json\/wp\/v2\/media?parent=7826"}],"curies":[{"name":"wp","href":"https:\/\/api.w.org\/{rel}","templated":true}]}}