{"id":7840,"date":"2016-10-18T15:54:18","date_gmt":"2016-10-18T13:54:18","guid":{"rendered":"http:\/\/bilbao.net\/es\/?page_id=7840"},"modified":"2025-07-08T13:14:59","modified_gmt":"2025-07-08T11:14:59","slug":"accesibilidad","status":"publish","type":"page","link":"https:\/\/bilbaogazte.bilbao.eus\/es\/accesibilidad\/","title":{"rendered":"Accesibilidad"},"content":{"rendered":"<div class=\"utilidades\">\n<p>Bilbao.eus ha sido desarrollado siguiendo un dise\u00f1o y programaci\u00f3n accesibles, con el objetivo de garantizar el acceso universal al mayor n\u00famero posible de usuarios.<\/p>\n<p>Dichos criterios se basan en las recomendaciones <acronym title=\"Web Accesibility Guidelines\">WCAG<\/acronym>\/<acronym title=\"Web Accesibility Initiative\">WAI<\/acronym> del World Wide Web Consortium (<acronym title=\"World Wide Web Consortium\">W3C<\/acronym>), consorcio internacional que se encarga de la supervisi\u00f3n de las tecnolog\u00edas y est\u00e1ndares de Internet. En todo momento se ha aplicado el mayor nivel de accesibilidad contemplado en dichas recomendaciones (nivel AAA).<\/p>\n<p>Igualmente, el c\u00f3digo fuente de este sitio web ha sido desarrollado utilizando las tecnolog\u00edas <acronym title=\"eXtended Hypertext Markup Language\">XHTML<\/acronym> y <acronym title=\"Cascading Style Sheets\">CSS<\/acronym>2, recomendadas por el <acronym title=\"World wide web consortion\">W3C <\/acronym>para una correcta visualizaci\u00f3n independiente de los dispositivos de navegaci\u00f3n y una adecuada separaci\u00f3n entre estilo y contenido.<\/p>\n<h2>Certificaci\u00f3n de Accesibilidad TIC de AENOR<\/h2>\n<p><a title=\"Acceso a: una ventana cuyo contenido puede no ser accesible\" href=\"http:\/\/www.bilbao.net\/accesibilidad\/logo_aenor.gif\" target=\"_blank\" rel=\"noopener\"><img decoding=\"async\" class=\"imagizq\" src=\"\/wp-content\/themes\/bilbaogazte\/assets\/images\/aenor.gif\" alt=\"Aenor\" \/><\/a><\/p>\n<p>Este sitio Web ha obtenido la certificaci\u00f3n de Accesibilidad TIC de AENOR, seg\u00fan la Norma UNE 139803, <span class=\"cursiva\">\u00abAplicaciones inform\u00e1ticas para personas con discapacidad. Requisitos de accesibilidad para contenidos en la web\u00bb<\/span> con fecha 18 de febrero de 2008. Esta certificaci\u00f3n acredita el cumplimiento del nivel &#8216;AA&#8217; en las Pautas de Accesibilidad, recomendadas por el grupo de trabajo WAI del W3C.<\/p>\n<p>El alcance de esta certificaci\u00f3n es el portal <a class=\"link\" href=\"https:\/\/www.bilbao.eus\">www.bilbao.eus<\/a>, quedando\u00a0exentos de esta certificaci\u00f3n: el GIS de Bilbao \u00ab<a href=\"http:\/\/www.geobilbao.net\" target=\"_blank\" rel=\"noopener\">GeoBilbao<\/a>\u00ab, \u00ab<a href=\"https:\/\/www.bilbao.net\/misTramites\/ciudadano\/preInicioCiudadano.do\">Mis tr\u00e1mites ciudadan\u00eda<\/a>\u00ab, \u00ab<a href=\"https:\/\/www.bilbao.net\/misTramites\/empresa\/preInicioEmpresa.do\">Mis tr\u00e1mites empresa<\/a>\u00bb y la secci\u00f3n de \u00ab<a href=\"http:\/\/www.bilbao.net\/cs\/Satellite?cid=3000137913&amp;language=es&amp;pageid=3000137913&amp;pagename=Bilbaonet%2FPage%2FBIO_ListadoVideos\">V\u00eddeos<\/a>\u00ab.<\/p>\n<h2>Accesibilidad para personas con discapacidad auditiva:<\/h2>\n<p>El Ayuntamiento de Bilbao es pionero en la adaptaci\u00f3n del contenido de su p\u00e1gina web en la lengua de signos.<\/p>\n<p>Para ver la informaci\u00f3n accesible en lengua de signos puedes pinchar en las siguientes \u00c1reas:<\/p>\n<ul>\n<li>\u00c1rea de Igualdad, Cooperaci\u00f3n y Ciudadan\u00eda:\n<ul>\n<li><a href=\"http:\/\/www.bilbao.eus\/cs\/Satellite?c=BIO_Generico_FA&amp;cid=3006269324&amp;language=es&amp;pageid=3000058831&amp;pagename=Bilbaonet%2FBIO_Generico_FA%2FBIO_Generico\">\u00c1mbito de actuaci\u00f3n del \u00c1rea de Igualdad, Cooperaci\u00f3n y Ciudadan\u00eda<\/a><\/li>\n<li><a href=\"http:\/\/www.bilbao.eus\/cs\/Satellite?c=Page&amp;cid=3000059210&amp;pagename=Bilbaonet%2FPage%2FBIO_contenidoFinal\">Contra la violencia de g\u00e9nero <\/a><\/li>\n<li><a href=\"http:\/\/www.bilbao.eus\/cs\/Satellite?c=BIO_Servicio_FA&amp;cid=1279110729291&amp;language=es&amp;pageid=3000058853&amp;pagename=Bilbaonet%2FBIO_Servicio_FA%2FBIO_Servicio\">Geu BIOk: erasorik gabeko internet gunea<\/a><\/li>\n<li><a href=\"http:\/\/www.bilbao.eus\/cs\/Satellite?c=Page&amp;cid=3000059537&amp;pagename=Bilbaonet%2FPage%2FBIO_Listado\">III Plan Municipal para la Igualdad de mujeres y hombres<\/a><\/li>\n<li><a href=\"http:\/\/www.bilbao.eus\/cs\/Satellite?c=BIO_Generico_FA&amp;cid=3000908693&amp;language=es&amp;pageid=3000059210&amp;pagename=Bilbaonet%2FBIO_Generico_FA%2FBIO_generico\">Programa Municipal contra la Violencia de G\u00e9nero &#8211; \u00c1REA DE ATENCI\u00d3N<\/a><\/li>\n<li><a href=\"http:\/\/www.bilbao.eus\/cs\/Satellite?c=Page&amp;cid=3010640848&amp;pagename=Bilbaonet%2FPage%2FBIO_contenidoFinal\">Plan Director de Cooperaci\u00f3n 2010-2013<\/a><\/li>\n<\/ul>\n<\/li>\n<\/ul>\n<h2>Accesos directos y atajos de teclado<\/h2>\n<p>Se han incluido algunos atajos de teclado que faciliten un acceso r\u00e1pido a los puntos clave de las diferentes p\u00e1ginas de la web. Las teclas de acceso son las siguientes:<\/p>\n<ul>\n<li>0: Accesibilidad<\/li>\n<li>1: P\u00e1gina de inicio<\/li>\n<li>2: Buscador<\/li>\n<li>3: Ayuda<\/li>\n<li>4: Mapa web<\/li>\n<li>5: Pol\u00edtica de privacidad<\/li>\n<li>6: Tu ayuntamiento te escucha<\/li>\n<li>7: P\u00e1gina RSS<\/li>\n<li>S: Contenido<\/li>\n<li>L: ReadSpeaker<\/li>\n<\/ul>\n<p>La activaci\u00f3n de los atajos de teclado se realiza con la combinaci\u00f3n que se detalla a continuaci\u00f3n, en funci\u00f3n del navegador empleado:<\/p>\n<ul>\n<li>Chrome: Alt + tecla de acceso<\/li>\n<li>Firefox:\n<ul>\n<li>Windows: Alt+Shift + tecla de acceso<\/li>\n<li>Mac: Ctrl+ tecla de acceso<\/li>\n<\/ul>\n<\/li>\n<li>Internet Explorer: Alt + tecla de acceso + Enter<\/li>\n<li>Konkeror: Ctrl + tecla de acceso<\/li>\n<li>Opera: Esc+Shift+ tecla de acceso<\/li>\n<li>Safari:\n<ul>\n<li>Windows: Alt + tecla de acceso<\/li>\n<li>Mac: Ctrl+ Opt + tecla de acceso<\/li>\n<\/ul>\n<\/li>\n<\/ul>\n<p>Asimismo, es posible desplazarse entre los distintos v\u00ednculos de cada p\u00e1gina utilizando la tecla <kbd>tab<\/kbd>.<\/p>\n<h2>Tama\u00f1os del texto y de la interfaz<\/h2>\n<p>Todos los tama\u00f1os de fuentes y de otros elementos del sitio se han implementado mediante unidades relativas. De esta manera, se puede modificar su tama\u00f1o mediante los controles propios de cada navegador. Adem\u00e1s de mediante sus correspondientes men\u00fas, esta funci\u00f3n puede ser utilizada directamente mediante los siguientes atajos:<\/p>\n<ul>\n<li>Internet Explorer : <kbd>Control<\/kbd> y Rueda del rat\u00f3n.<\/li>\n<li>Mozilla Firefox : <kbd>Control<\/kbd> y Rueda del rat\u00f3n, <kbd>Control<\/kbd> y <kbd>-<\/kbd> o <kbd>Control<\/kbd> y <kbd>+<\/kbd>.<\/li>\n<li>Opera: <kbd>Control<\/kbd> y Rueda del rat\u00f3n, <kbd>Control<\/kbd> y <kbd>-<\/kbd> o <kbd>Control<\/kbd> y <kbd>+<\/kbd>.<\/li>\n<li>Netscape: <kbd>Control<\/kbd> y <kbd>-<\/kbd> o <kbd>Control<\/kbd> y <kbd>+<\/kbd>.<\/li>\n<li>Safari: <kbd>Comando<\/kbd> y <kbd>-<\/kbd> o <kbd>Comando<\/kbd> y <kbd>+<\/kbd>.<\/li>\n<\/ul>\n<h2>Excepciones a la accesibilidad<\/h2>\n<p>Por impedimentos t\u00e9cnicos o requerimientos de las aplicaciones empleadas, algunos de los contenidos ofrecidos en el sitio podr\u00edan no cumplir las pautas de accesibilidad anteriormente comentadas. Este tipo de contenidos se representar\u00e1n siempre en una nueva ventana del navegador, cuya apertura aparecer\u00e1 advertida en la descripci\u00f3n de su propio v\u00ednculo.<\/p>\n<p>No obstante, si usted encuentra alg\u00fan problema de accesibilidad o quiere hacer alg\u00fan comentario o sugerencia sobre esta materia, no dude en <a class=\"link\" href=\"mailto:webmaster@ayto.bilbao.net\">ponerse en contacto<\/a> con nosotros.<\/p>\n<p class=\"no-dot\"><a title=\"Acceso a: una ventana cuyo contenido puede no ser accesible\" href=\"http:\/\/validator.w3.org\/check?uri=referer\" target=\"_blank\" rel=\"noopener\"><img decoding=\"async\" class=\"imagcenter\" src=\"\/wp-content\/themes\/bilbaogazte\/assets\/images\/xhtml10.gif\" alt=\"Logotipo de cumplimiento de XHTML 1.0\" \/><\/a><a title=\"Acceso a: una ventana cuyo contenido puede no ser accesible\" href=\"http:\/\/jigsaw.w3.org\/css-validator\/\" target=\"_blank\" rel=\"noopener\"><img decoding=\"async\" class=\"imagcenter\" src=\"\/wp-content\/themes\/bilbaogazte\/assets\/images\/css2.gif\" alt=\"Logotipo de cumplimiento de CSS2\" \/><\/a><a title=\"Acceso a: una ventana cuyo contenido puede no ser accesible\" href=\"http:\/\/www.w3.org\/WAI\/WCAG1AA-Conformance\" target=\"_blank\" rel=\"noopener\"><img decoding=\"async\" class=\"imagcenter\" src=\"\/wp-content\/themes\/bilbaogazte\/assets\/images\/wai-aa.gif\" alt=\"Logotipo de cumplimiento de segundo nivel de accesibilidad\" \/><\/a><\/p>\n<\/div>\n","protected":false},"excerpt":{"rendered":"<p class=\"entry-summary\">Bilbao.eus ha sido desarrollado siguiendo un dise\u00f1o y programaci\u00f3n accesibles, con el objetivo de garantizar el acceso universal&hellip;<\/p>\n<div class=\"link-more\"><a href=\"https:\/\/bilbaogazte.bilbao.eus\/es\/accesibilidad\/\" class=\"more-link\">Continue reading<span class=\"screen-reader-text\"> &ldquo;Accesibilidad&rdquo;<\/span>&hellip;<\/a><\/div>","protected":false},"author":60,"featured_media":0,"parent":0,"menu_order":0,"comment_status":"closed","ping_status":"closed","template":"","meta":{"_monsterinsights_skip_tracking":false,"_monsterinsights_sitenote_active":false,"_monsterinsights_sitenote_note":"","_monsterinsights_sitenote_category":0,"footnotes":""},"_links":{"self":[{"href":"https:\/\/bilbaogazte.bilbao.eus\/es\/wp-json\/wp\/v2\/pages\/7840"}],"collection":[{"href":"https:\/\/bilbaogazte.bilbao.eus\/es\/wp-json\/wp\/v2\/pages"}],"about":[{"href":"https:\/\/bilbaogazte.bilbao.eus\/es\/wp-json\/wp\/v2\/types\/page"}],"author":[{"embeddable":true,"href":"https:\/\/bilbaogazte.bilbao.eus\/es\/wp-json\/wp\/v2\/users\/60"}],"replies":[{"embeddable":true,"href":"https:\/\/bilbaogazte.bilbao.eus\/es\/wp-json\/wp\/v2\/comments?post=7840"}],"version-history":[{"count":9,"href":"https:\/\/bilbaogazte.bilbao.eus\/es\/wp-json\/wp\/v2\/pages\/7840\/revisions"}],"predecessor-version":[{"id":63062,"href":"https:\/\/bilbaogazte.bilbao.eus\/es\/wp-json\/wp\/v2\/pages\/7840\/revisions\/63062"}],"wp:attachment":[{"href":"https:\/\/bilbaogazte.bilbao.eus\/es\/wp-json\/wp\/v2\/media?parent=7840"}],"curies":[{"name":"wp","href":"https:\/\/api.w.org\/{rel}","templated":true}]}}