{"id":7856,"date":"2016-10-18T16:25:44","date_gmt":"2016-10-18T14:25:44","guid":{"rendered":"http:\/\/bilbao.net\/es\/?page_id=7856"},"modified":"2021-01-18T12:16:31","modified_gmt":"2021-01-18T10:16:31","slug":"politica-de-privacidad","status":"publish","type":"page","link":"https:\/\/bilbaogazte.bilbao.eus\/es\/politica-de-privacidad\/","title":{"rendered":"Pol\u00edtica de Protecci\u00f3n de Datos"},"content":{"rendered":"<div class=\"utilidades\">\n<h2>Clausula general informaci\u00f3n sobre Protecci\u00f3n de Datos<\/h2>\n<p><strong>\u00bfQui\u00e9n es el Responsable de Tratamiento y sus datos de contacto?<br \/>\n<\/strong>La Direcci\u00f3n de Juventud y Deporte del Ayuntamiento de Bilbao. Se puede contactar en Plaza Ernesto Erkoreka 1, 48007 de Bilbao o a trav\u00e9s de su web <a href=\"http:\/\/www.bilbao.eus\" target=\"_blank\" rel=\"noopener noreferrer\">www.bilbao.eus<\/a>.<\/p>\n<p><strong>\u00bfC\u00f3mo contactar con la persona delegada de protecci\u00f3n de datos?<\/strong><br \/>\nMediante el correo <a href=\"mailto:datos@bilbao.eus\">datos@bilbao.eus<\/a><\/p>\n<p><strong>\u00bfPar\u00e1 que se tratan los datos y durante cu\u00e1nto tiempo?<\/strong><br \/>\nPara gestionar toda la informaci\u00f3n y los diferentes programas municipales de juventud e infancia. Los datos se van a mantener durante el tiempo necesario para cumplir con este fin y posteriormente, para determinar las posibles responsabilidades que puedan existir por dicha finalidad y del tratamiento de los datos.<\/p>\n<p><strong>\u00bfPor qu\u00e9 tratamos los datos?<\/strong><br \/>\nPorque se posee el consentimiento de las personas interesadas o sus representantes legales o bien, se est\u00e1 desarrollando funciones que as\u00ed se encuentran en diferentes normativas legales c\u00f3mo son la Ley 7\/1985, de 2 de abril, Reguladora de las Bases del R\u00e9gimen Local y la Ley 2\/2016, de 7 de abril, de Instituciones Locales de Euskadi.<\/p>\n<p><strong>\u00bfSe pueden ceder los datos?<\/strong><br \/>\nEn principio s\u00ed, podr\u00e1n ser comunicados a terceros mediante la publicaci\u00f3n de listas de resultados de sorteos y admitidos a los programas.<\/p>\n<p><strong>\u00bfCu\u00e1les son los derechos de las personas?<\/strong><br \/>\nLas personas interesadas tienen los siguientes derechos:<\/p>\n<ol>\n<li>A acceder, rectificas, suprimir los datos, y y tambi\u00e9n, limitar u oponerse a su tratamiento. Para poder ejercerse estos derechos debe enviarse un escrito a la direcci\u00f3n del Responsable de Tratamiento, previa acreditaci\u00f3n de su identidad \u00f3 acudir a los Puntos de Atenci\u00f3n de la ciudadan\u00eda del Ayuntamiento de Bilbao.<\/li>\n<li>A reclamar ante la Agencia Vasca de Protecci\u00f3n de Datos<\/li>\n<\/ol>\n<\/div>\n","protected":false},"excerpt":{"rendered":"<p class=\"entry-summary\">Clausula general informaci\u00f3n sobre Protecci\u00f3n de Datos \u00bfQui\u00e9n es el Responsable de Tratamiento y sus datos de contacto?&hellip;<\/p>\n<div class=\"link-more\"><a href=\"https:\/\/bilbaogazte.bilbao.eus\/es\/politica-de-privacidad\/\" class=\"more-link\">Continue reading<span class=\"screen-reader-text\"> &ldquo;Pol\u00edtica de Protecci\u00f3n de Datos&rdquo;<\/span>&hellip;<\/a><\/div>","protected":false},"author":60,"featured_media":0,"parent":0,"menu_order":0,"comment_status":"closed","ping_status":"closed","template":"","meta":{"_monsterinsights_skip_tracking":false,"_monsterinsights_sitenote_active":false,"_monsterinsights_sitenote_note":"","_monsterinsights_sitenote_category":0,"footnotes":""},"_links":{"self":[{"href":"https:\/\/bilbaogazte.bilbao.eus\/es\/wp-json\/wp\/v2\/pages\/7856"}],"collection":[{"href":"https:\/\/bilbaogazte.bilbao.eus\/es\/wp-json\/wp\/v2\/pages"}],"about":[{"href":"https:\/\/bilbaogazte.bilbao.eus\/es\/wp-json\/wp\/v2\/types\/page"}],"author":[{"embeddable":true,"href":"https:\/\/bilbaogazte.bilbao.eus\/es\/wp-json\/wp\/v2\/users\/60"}],"replies":[{"embeddable":true,"href":"https:\/\/bilbaogazte.bilbao.eus\/es\/wp-json\/wp\/v2\/comments?post=7856"}],"version-history":[{"count":10,"href":"https:\/\/bilbaogazte.bilbao.eus\/es\/wp-json\/wp\/v2\/pages\/7856\/revisions"}],"predecessor-version":[{"id":41547,"href":"https:\/\/bilbaogazte.bilbao.eus\/es\/wp-json\/wp\/v2\/pages\/7856\/revisions\/41547"}],"wp:attachment":[{"href":"https:\/\/bilbaogazte.bilbao.eus\/es\/wp-json\/wp\/v2\/media?parent=7856"}],"curies":[{"name":"wp","href":"https:\/\/api.w.org\/{rel}","templated":true}]}}